{"id":867,"date":"2022-07-20T10:01:21","date_gmt":"2022-07-20T10:01:21","guid":{"rendered":"https:\/\/site1.widetech-dz.com\/?post_type=product&#038;p=867"},"modified":"2022-07-22T13:13:47","modified_gmt":"2022-07-22T13:13:47","slug":"monte-chariots-et-monte-futs","status":"publish","type":"product","link":"https:\/\/site1.widetech-dz.com\/index.php\/product\/monte-chariots-et-monte-futs\/","title":{"rendered":"Monte-chariots et monte-f\u00fbts"},"content":{"rendered":"<p>Id\u00e9als pour la restauration, l\u2019h\u00f4tellerie, les commerces mais aussi pour l\u2019industrie, ils sauront vous satisfaire gr\u00e2ce \u00e0 leur facilit\u00e9 d\u2019utilisation et aux gains de temps et d\u2019\u00e9nergie qu\u2019ils vous apporteront.<\/p>\n","protected":false},"excerpt":{"rendered":"<p>De 200 \u00e0 500 kg, les monte-chariots vous permettent de transporter facilement et en toute s\u00e9curit\u00e9 vos charge g\u00e9n\u00e9ralement stock\u00e9es sur des chariots ou rolls. Ils permettent \u00e9galement le transport de vos petites palettes et cartons.<\/p>\n","protected":false},"featured_media":868,"comment_status":"open","ping_status":"closed","template":"","meta":{"om_disable_all_campaigns":false,"_mi_skip_tracking":false},"product_cat":[30,32],"product_tag":[44,46,43,45],"aioseo_notices":[],"_links":{"self":[{"href":"https:\/\/site1.widetech-dz.com\/index.php\/wp-json\/wp\/v2\/product\/867"}],"collection":[{"href":"https:\/\/site1.widetech-dz.com\/index.php\/wp-json\/wp\/v2\/product"}],"about":[{"href":"https:\/\/site1.widetech-dz.com\/index.php\/wp-json\/wp\/v2\/types\/product"}],"replies":[{"embeddable":true,"href":"https:\/\/site1.widetech-dz.com\/index.php\/wp-json\/wp\/v2\/comments?post=867"}],"wp:featuredmedia":[{"embeddable":true,"href":"https:\/\/site1.widetech-dz.com\/index.php\/wp-json\/wp\/v2\/media\/868"}],"wp:attachment":[{"href":"https:\/\/site1.widetech-dz.com\/index.php\/wp-json\/wp\/v2\/media?parent=867"}],"wp:term":[{"taxonomy":"product_cat","embeddable":true,"href":"https:\/\/site1.widetech-dz.com\/index.php\/wp-json\/wp\/v2\/product_cat?post=867"},{"taxonomy":"product_tag","embeddable":true,"href":"https:\/\/site1.widetech-dz.com\/index.php\/wp-json\/wp\/v2\/product_tag?post=867"}],"curies":[{"name":"wp","href":"https:\/\/api.w.org\/{rel}","templated":true}]}}