{"id":1500,"date":"2022-07-24T17:14:44","date_gmt":"2022-07-24T17:14:44","guid":{"rendered":"https:\/\/site1.widetech-dz.com\/?post_type=product&#038;p=1500"},"modified":"2022-07-24T17:15:18","modified_gmt":"2022-07-24T17:15:18","slug":"systemes-de-securite-incendie-ssi","status":"publish","type":"product","link":"https:\/\/site1.widetech-dz.com\/index.php\/product\/systemes-de-securite-incendie-ssi\/","title":{"rendered":"SYST\u00c8MES DE S\u00c9CURIT\u00c9 INCENDIE (SSI)"},"content":{"rendered":"","protected":false},"excerpt":{"rendered":"<div>\n<p class=\"align-justify\">Ces cat\u00e9gories de SSI sont d\u00e9termin\u00e9es par l&#8217;\u00e9tablissement auquel ils sont destin\u00e9s (L,M,N,O\u2026) et le nombre de personnes admissibles dans cet \u00e9tablissement.<\/p>\n<\/div>\n<div>\n<p class=\"align-justify\">La cat\u00e9gorie du SSI A, B, C, D ou E d\u00e9termine le type d&#8217;\u00e9quipement d&#8217;alarme \u00e0 installer.<\/p>\n<\/div>\n<div>\n<p class=\"align-justify\">Les \u00e9quipements d&#8217;alarme sont class\u00e9s par type (1, 2a, 2b, 3 et 4).<\/p>\n<\/div>\n","protected":false},"featured_media":0,"comment_status":"open","ping_status":"closed","template":"","meta":{"om_disable_all_campaigns":false,"_mi_skip_tracking":false},"product_cat":[36],"product_tag":[],"aioseo_notices":[],"_links":{"self":[{"href":"https:\/\/site1.widetech-dz.com\/index.php\/wp-json\/wp\/v2\/product\/1500"}],"collection":[{"href":"https:\/\/site1.widetech-dz.com\/index.php\/wp-json\/wp\/v2\/product"}],"about":[{"href":"https:\/\/site1.widetech-dz.com\/index.php\/wp-json\/wp\/v2\/types\/product"}],"replies":[{"embeddable":true,"href":"https:\/\/site1.widetech-dz.com\/index.php\/wp-json\/wp\/v2\/comments?post=1500"}],"wp:attachment":[{"href":"https:\/\/site1.widetech-dz.com\/index.php\/wp-json\/wp\/v2\/media?parent=1500"}],"wp:term":[{"taxonomy":"product_cat","embeddable":true,"href":"https:\/\/site1.widetech-dz.com\/index.php\/wp-json\/wp\/v2\/product_cat?post=1500"},{"taxonomy":"product_tag","embeddable":true,"href":"https:\/\/site1.widetech-dz.com\/index.php\/wp-json\/wp\/v2\/product_tag?post=1500"}],"curies":[{"name":"wp","href":"https:\/\/api.w.org\/{rel}","templated":true}]}}