{"id":1453,"date":"2022-07-23T22:47:12","date_gmt":"2022-07-23T22:47:12","guid":{"rendered":"https:\/\/site1.widetech-dz.com\/?post_type=product&#038;p=1453"},"modified":"2022-07-23T22:47:13","modified_gmt":"2022-07-23T22:47:13","slug":"plateforme-verticale-2","status":"publish","type":"product","link":"https:\/\/site1.widetech-dz.com\/index.php\/product\/plateforme-verticale-2\/","title":{"rendered":"PLATEFORME VERTICALE"},"content":{"rendered":"","protected":false},"excerpt":{"rendered":"<p class=\"text-dark text-left text-3\">Plate-forme verticale \u00e9l\u00e9vatrice d\u00e9f\u00e9rants mod\u00e8les, <strong>solides<\/strong>\u00a0et\u00a0<strong>universelles<\/strong>, indiqu\u00e9e quand on se d\u00e9place en fauteuil roulant, mais pas forc\u00e9ment, pour franchir jusqu\u2019\u00e0\u00a0<strong>deux m\u00e8tres de d\u00e9nivellation en hauteur<\/strong>.<\/p>\n","protected":false},"featured_media":1456,"comment_status":"open","ping_status":"closed","template":"","meta":{"om_disable_all_campaigns":false,"_mi_skip_tracking":false},"product_cat":[30,57],"product_tag":[],"aioseo_notices":[],"_links":{"self":[{"href":"https:\/\/site1.widetech-dz.com\/index.php\/wp-json\/wp\/v2\/product\/1453"}],"collection":[{"href":"https:\/\/site1.widetech-dz.com\/index.php\/wp-json\/wp\/v2\/product"}],"about":[{"href":"https:\/\/site1.widetech-dz.com\/index.php\/wp-json\/wp\/v2\/types\/product"}],"replies":[{"embeddable":true,"href":"https:\/\/site1.widetech-dz.com\/index.php\/wp-json\/wp\/v2\/comments?post=1453"}],"wp:featuredmedia":[{"embeddable":true,"href":"https:\/\/site1.widetech-dz.com\/index.php\/wp-json\/wp\/v2\/media\/1456"}],"wp:attachment":[{"href":"https:\/\/site1.widetech-dz.com\/index.php\/wp-json\/wp\/v2\/media?parent=1453"}],"wp:term":[{"taxonomy":"product_cat","embeddable":true,"href":"https:\/\/site1.widetech-dz.com\/index.php\/wp-json\/wp\/v2\/product_cat?post=1453"},{"taxonomy":"product_tag","embeddable":true,"href":"https:\/\/site1.widetech-dz.com\/index.php\/wp-json\/wp\/v2\/product_tag?post=1453"}],"curies":[{"name":"wp","href":"https:\/\/api.w.org\/{rel}","templated":true}]}}