{"id":1442,"date":"2022-07-23T22:37:47","date_gmt":"2022-07-23T22:37:47","guid":{"rendered":"https:\/\/site1.widetech-dz.com\/?post_type=product&#038;p=1442"},"modified":"2022-07-23T22:37:47","modified_gmt":"2022-07-23T22:37:47","slug":"plateforme-inclinee","status":"publish","type":"product","link":"https:\/\/site1.widetech-dz.com\/index.php\/product\/plateforme-inclinee\/","title":{"rendered":"PLATEFORME INCLIN\u00c9E"},"content":{"rendered":"","protected":false},"excerpt":{"rendered":"<p>La plate-forme inclin\u00e9e permet \u00e0 une personne en fauteuil roulant de gravir un escalier.<\/p>\n<p>Elle s\u2019installe aussi bien \u00e0 l\u2019ext\u00e9rieur qu\u2019\u00e0 l\u2019int\u00e9rieur d\u2019un b\u00e2timent. Elle peut s\u2019adapter \u00e0 tous les types d\u2019escalier.<\/p>\n<p>La plateforme glisse le long d\u2019un rail sur mesure fix\u00e9 sur les marches ou sur le mur lat\u00e9ral s\u2019il existe.<\/p>\n","protected":false},"featured_media":1444,"comment_status":"open","ping_status":"closed","template":"","meta":{"om_disable_all_campaigns":false,"_mi_skip_tracking":false},"product_cat":[30,57],"product_tag":[],"aioseo_notices":[],"_links":{"self":[{"href":"https:\/\/site1.widetech-dz.com\/index.php\/wp-json\/wp\/v2\/product\/1442"}],"collection":[{"href":"https:\/\/site1.widetech-dz.com\/index.php\/wp-json\/wp\/v2\/product"}],"about":[{"href":"https:\/\/site1.widetech-dz.com\/index.php\/wp-json\/wp\/v2\/types\/product"}],"replies":[{"embeddable":true,"href":"https:\/\/site1.widetech-dz.com\/index.php\/wp-json\/wp\/v2\/comments?post=1442"}],"wp:featuredmedia":[{"embeddable":true,"href":"https:\/\/site1.widetech-dz.com\/index.php\/wp-json\/wp\/v2\/media\/1444"}],"wp:attachment":[{"href":"https:\/\/site1.widetech-dz.com\/index.php\/wp-json\/wp\/v2\/media?parent=1442"}],"wp:term":[{"taxonomy":"product_cat","embeddable":true,"href":"https:\/\/site1.widetech-dz.com\/index.php\/wp-json\/wp\/v2\/product_cat?post=1442"},{"taxonomy":"product_tag","embeddable":true,"href":"https:\/\/site1.widetech-dz.com\/index.php\/wp-json\/wp\/v2\/product_tag?post=1442"}],"curies":[{"name":"wp","href":"https:\/\/api.w.org\/{rel}","templated":true}]}}