{"id":1437,"date":"2022-07-23T22:33:27","date_gmt":"2022-07-23T22:33:27","guid":{"rendered":"https:\/\/site1.widetech-dz.com\/?post_type=product&#038;p=1437"},"modified":"2022-07-23T22:33:27","modified_gmt":"2022-07-23T22:33:27","slug":"plateforme-verticale","status":"publish","type":"product","link":"https:\/\/site1.widetech-dz.com\/index.php\/product\/plateforme-verticale\/","title":{"rendered":"PLATEFORME VERTICALE"},"content":{"rendered":"","protected":false},"excerpt":{"rendered":"<p>La plate-forme verticale est polyvalente pour des d\u00e9nivellations r\u00e9duites.<\/p>\n<p>Elle peut \u00eatre install\u00e9e dans des structures de ma\u00e7onnerie pr\u00e9existantes ou avec ses propres protections, \u00e0 l\u2019int\u00e9rieur ou \u00e0 l\u2019ext\u00e9rieur.<\/p>\n","protected":false},"featured_media":1441,"comment_status":"open","ping_status":"closed","template":"","meta":{"om_disable_all_campaigns":false,"_mi_skip_tracking":false},"product_cat":[30,57],"product_tag":[],"aioseo_notices":[],"_links":{"self":[{"href":"https:\/\/site1.widetech-dz.com\/index.php\/wp-json\/wp\/v2\/product\/1437"}],"collection":[{"href":"https:\/\/site1.widetech-dz.com\/index.php\/wp-json\/wp\/v2\/product"}],"about":[{"href":"https:\/\/site1.widetech-dz.com\/index.php\/wp-json\/wp\/v2\/types\/product"}],"replies":[{"embeddable":true,"href":"https:\/\/site1.widetech-dz.com\/index.php\/wp-json\/wp\/v2\/comments?post=1437"}],"wp:featuredmedia":[{"embeddable":true,"href":"https:\/\/site1.widetech-dz.com\/index.php\/wp-json\/wp\/v2\/media\/1441"}],"wp:attachment":[{"href":"https:\/\/site1.widetech-dz.com\/index.php\/wp-json\/wp\/v2\/media?parent=1437"}],"wp:term":[{"taxonomy":"product_cat","embeddable":true,"href":"https:\/\/site1.widetech-dz.com\/index.php\/wp-json\/wp\/v2\/product_cat?post=1437"},{"taxonomy":"product_tag","embeddable":true,"href":"https:\/\/site1.widetech-dz.com\/index.php\/wp-json\/wp\/v2\/product_tag?post=1437"}],"curies":[{"name":"wp","href":"https:\/\/api.w.org\/{rel}","templated":true}]}}