{"id":1397,"date":"2022-07-23T20:50:14","date_gmt":"2022-07-23T20:50:14","guid":{"rendered":"https:\/\/site1.widetech-dz.com\/?post_type=product&#038;p=1397"},"modified":"2022-07-23T20:50:14","modified_gmt":"2022-07-23T20:50:14","slug":"sas-unipersonnel","status":"publish","type":"product","link":"https:\/\/site1.widetech-dz.com\/index.php\/product\/sas-unipersonnel\/","title":{"rendered":"SAS UNIPERSONNEL"},"content":{"rendered":"<p>Pour la mise en s\u00fbret\u00e9 des acc\u00e8s int\u00e9rieurs : b\u00e2timents militaires, industriels, tertiaires, bancaires, nucl\u00e9aires, data centers, sites a\u00e9roportuaires.<\/p>\n<p>Vous contr\u00f4lez le transit des pi\u00e9tons et des personnes \u00e0 mobilit\u00e9 r\u00e9duite dans les deux sens de passage.<\/p>\n<ul>\n<li><strong>Portes \u00e0 la fran\u00e7aise<\/strong>\u00a0(battantes)<\/li>\n<li><strong>Portes rotatives<\/strong>\u00a0(courbe)<\/li>\n<li><strong>Portes papillon<\/strong><\/li>\n<\/ul>\n<p>\u00c9quipements monoblocs ou modulaires, notre gamme de SAS vous apporte des solutions adapt\u00e9es aux sp\u00e9cificit\u00e9s de votre environnement.<\/p>\n<p>Large gamme d\u2019\u00e9quipements \u00e9lectroniques compl\u00e9mentaires innovants, r\u00e9pondant \u00e0 tous vos besoins de s\u00e9curit\u00e9 : d\u00e9tection de passage, filtrage, contr\u00f4le\u2026<\/p>\n","protected":false},"excerpt":{"rendered":"<p>Filtrer efficacement l\u2019acc\u00e8s \u00e0 vos zones prot\u00e9g\u00e9es.<\/p>\n","protected":false},"featured_media":1399,"comment_status":"open","ping_status":"closed","template":"","meta":{"om_disable_all_campaigns":false,"_mi_skip_tracking":false},"product_cat":[37,56],"product_tag":[],"aioseo_notices":[],"_links":{"self":[{"href":"https:\/\/site1.widetech-dz.com\/index.php\/wp-json\/wp\/v2\/product\/1397"}],"collection":[{"href":"https:\/\/site1.widetech-dz.com\/index.php\/wp-json\/wp\/v2\/product"}],"about":[{"href":"https:\/\/site1.widetech-dz.com\/index.php\/wp-json\/wp\/v2\/types\/product"}],"replies":[{"embeddable":true,"href":"https:\/\/site1.widetech-dz.com\/index.php\/wp-json\/wp\/v2\/comments?post=1397"}],"wp:featuredmedia":[{"embeddable":true,"href":"https:\/\/site1.widetech-dz.com\/index.php\/wp-json\/wp\/v2\/media\/1399"}],"wp:attachment":[{"href":"https:\/\/site1.widetech-dz.com\/index.php\/wp-json\/wp\/v2\/media?parent=1397"}],"wp:term":[{"taxonomy":"product_cat","embeddable":true,"href":"https:\/\/site1.widetech-dz.com\/index.php\/wp-json\/wp\/v2\/product_cat?post=1397"},{"taxonomy":"product_tag","embeddable":true,"href":"https:\/\/site1.widetech-dz.com\/index.php\/wp-json\/wp\/v2\/product_tag?post=1397"}],"curies":[{"name":"wp","href":"https:\/\/api.w.org\/{rel}","templated":true}]}}