{"id":1393,"date":"2022-07-23T20:37:35","date_gmt":"2022-07-23T20:37:35","guid":{"rendered":"https:\/\/site1.widetech-dz.com\/?post_type=product&#038;p=1393"},"modified":"2022-07-23T20:37:35","modified_gmt":"2022-07-23T20:37:35","slug":"porte-coullisante-automatise","status":"publish","type":"product","link":"https:\/\/site1.widetech-dz.com\/index.php\/product\/porte-coullisante-automatise\/","title":{"rendered":"Porte Coullisante Automatis\u00e9"},"content":{"rendered":"<p style=\"text-align: justify;\">Tous les automatismes de\u00a0<strong>portes FAAC<\/strong>\u00a0sont conformes \u00e0 la\u00a0<strong>r\u00e9glementation EN16005<\/strong>\u00a0et avanc\u00e9s du point de vue technologique en termes de s\u00e9curit\u00e9 et d&#8217;\u00e9conomies d&#8217;\u00e9nergie.<\/p>\n<p style=\"text-align: justify;\">L&#8217;installation d&#8217;une porte automatique repr\u00e9sente une solution id\u00e9ale pour garantir les plus hauts standards de confort, gr\u00e2ce \u00e0 des solutions toujours fiables qui privil\u00e9gient les \u00e9conomies d&#8217;\u00e9nergie et assurent le plus haut niveau de s\u00e9curit\u00e9 durant les actionnements.<\/p>\n<ul style=\"text-align: justify;\">\n<li><strong>Portes pi\u00e9tonnes battantes<\/strong>\u00a0: une solution pour que l&#8217;accessibilit\u00e9 devienne une r\u00e9alit\u00e9 pour tous.Elles am\u00e9liorent le confort pour tous les utilisateurs notamment pour les personnes \u00e0 mobilit\u00e9 r\u00e9duite, les personnes en situation de handicap\u2026<\/li>\n<li><strong>Portes pi\u00e9tonnes coulissantes<\/strong>\u00a0\u00e0 1 ou 2 vantaux, ou t\u00e9lescopiques (jusqu\u2019\u00e0 8 vantaux), sont utilis\u00e9es pour g\u00e9rer les flux importants d&#8217;utilisateurs et sont appr\u00e9ci\u00e9es pour leur design.<\/li>\n<li><strong>Portes vitr\u00e9es \u00e0 tambour\u00a0<\/strong>: pour les acc\u00e8s avec un flux important d\u2019utilisateur, elles permettent une largeur et hauteur de passage importante<\/li>\n<\/ul>\n<p style=\"text-align: justify;\">Ces portes pi\u00e9tonnes peuvent disposer d\u2019un acc\u00e8s r\u00e9glement\u00e9 par diff\u00e9rents syst\u00e8mes de contr\u00f4le d\u2019acc\u00e8s et asservies au syst\u00e8me d\u2019alarme incendie.<\/p>\n","protected":false},"excerpt":{"rendered":"<p>Les mod\u00e8les de\u00a0<strong>portes pi\u00e9tonnes automatiques<\/strong>\u00a0<strong>FAAC<\/strong>\u00a0ont \u00e9t\u00e9 con\u00e7us pour faciliter, entre autres, le transit. Ils garantissent toujours l&#8217;encombrement minimum, ils sont extr\u00eamement silencieux et parfaitement adaptables.<\/p>\n","protected":false},"featured_media":1396,"comment_status":"open","ping_status":"closed","template":"","meta":{"om_disable_all_campaigns":false,"_mi_skip_tracking":false},"product_cat":[37,55],"product_tag":[],"aioseo_notices":[],"_links":{"self":[{"href":"https:\/\/site1.widetech-dz.com\/index.php\/wp-json\/wp\/v2\/product\/1393"}],"collection":[{"href":"https:\/\/site1.widetech-dz.com\/index.php\/wp-json\/wp\/v2\/product"}],"about":[{"href":"https:\/\/site1.widetech-dz.com\/index.php\/wp-json\/wp\/v2\/types\/product"}],"replies":[{"embeddable":true,"href":"https:\/\/site1.widetech-dz.com\/index.php\/wp-json\/wp\/v2\/comments?post=1393"}],"wp:featuredmedia":[{"embeddable":true,"href":"https:\/\/site1.widetech-dz.com\/index.php\/wp-json\/wp\/v2\/media\/1396"}],"wp:attachment":[{"href":"https:\/\/site1.widetech-dz.com\/index.php\/wp-json\/wp\/v2\/media?parent=1393"}],"wp:term":[{"taxonomy":"product_cat","embeddable":true,"href":"https:\/\/site1.widetech-dz.com\/index.php\/wp-json\/wp\/v2\/product_cat?post=1393"},{"taxonomy":"product_tag","embeddable":true,"href":"https:\/\/site1.widetech-dz.com\/index.php\/wp-json\/wp\/v2\/product_tag?post=1393"}],"curies":[{"name":"wp","href":"https:\/\/api.w.org\/{rel}","templated":true}]}}