{"id":1379,"date":"2022-07-23T18:47:49","date_gmt":"2022-07-23T18:47:49","guid":{"rendered":"https:\/\/site1.widetech-dz.com\/?post_type=product&#038;p=1379"},"modified":"2022-07-23T18:47:49","modified_gmt":"2022-07-23T18:47:49","slug":"porte-sectionnelle","status":"publish","type":"product","link":"https:\/\/site1.widetech-dz.com\/index.php\/product\/porte-sectionnelle\/","title":{"rendered":"PORTE SECTIONNELLE"},"content":{"rendered":"<p><strong>OPTIMISATION DE L\u2019ENCOMBREMENT<br \/>\n<\/strong>Votre zone d\u00e9gag\u00e9e conditionnera la position des rails (type de remont\u00e9e) et des ressorts (avant ou arri\u00e8re) :<\/p>\n<ul>\n<li><strong>Linteau standard<\/strong>\u00a0: retomb\u00e9e mini 420 mm etressorts \u00e0 l\u2019avant<\/li>\n<li><strong>Linteau r\u00e9duit<\/strong>\u00a0: retomb\u00e9e mini 205 mm et ressorts \u00e0 l\u2019arri\u00e8re<\/li>\n<li><strong>Linteau haut<\/strong>\u00a0: retomb\u00e9e mini 600 mm, maxi 4460 mm et ressorts \u00e0 l\u2019avant<\/li>\n<li><strong>Linteau vertical<\/strong>\u00a0: 2 x hauteur de baie + 300 mmet ressorts \u00e0 l\u2019avant<\/li>\n<\/ul>\n<p><strong>STRUCTURE &amp; QUINCAILLERIE<\/strong><\/p>\n<ul>\n<li>Le panneau est isol\u00e9, \u00e9paisseur 40 mm, compos\u00e9 de 2 t\u00f4les en acier galvanis\u00e9 remplies de mousse polyur\u00e9thane.<\/li>\n<li>Ressorts en acier tremp\u00e9 (ou poudr\u00e9 sur demande), pr\u00e9vus pour une dur\u00e9e de 20 000 cycles (ressorts intensifs sur demande)<\/li>\n<li>Quincaillerie et rails en acier galvanis\u00e9 (possibilit\u00e9 d\u2019avoir l\u2019ensemble en inox sur demande)<\/li>\n<\/ul>\n<p><strong>DIMENSIONS<br \/>\n<\/strong>(Toutes autres dimensions \u00e9tudi\u00e9es sur demande)<br \/>\n<strong>Hauteur des sections<\/strong>\u00a0: 500 mm ou 610 mm<br \/>\n<strong>Retomb\u00e9e linteau mini<\/strong>\u00a0: 205 mm<br \/>\n<strong>Largeur porte maximum<\/strong>\u00a0: 7000 mm<br \/>\n<strong>Hauteur porte maximum<\/strong>\u00a0: 6500 mm<\/p>\n<p><strong>OPTIONS<br \/>\n<\/strong>Serrure \u00e0 canon europ\u00e9en<\/p>\n<ul>\n<li>Si porte manuelle, poign\u00e9e encastr\u00e9e, marchepied et verrou fournis<\/li>\n<li>Portillon incorpor\u00e9 ou adjacent<\/li>\n<li>Hublots (ovales\/rectangulaires\/ronds) ou sections vitr\u00e9es<\/li>\n<li>Grille de ventilation<\/li>\n<li>Habillage sup\u00e9rieur et lat\u00e9ral en panneaux fixes ou tubes acier \u00e9lectro zingu\u00e9s<\/li>\n<\/ul>\n<p><strong>MANOEUVRE<\/strong><\/p>\n<ul>\n<li>Manuelle : par cordon ou treuil \u00e0 cha\u00eene<\/li>\n<li>Motoris\u00e9e avec motor\u00e9ducteur :<\/li>\n<\/ul>\n<p><strong>a) Fonctionnement :<\/strong><\/p>\n<ul>\n<li>A pression maintenue (Homme-mort)<\/li>\n<li>Semi-automatique (impulsions mont\u00e9e et descente)<\/li>\n<li>Automatique (impulsion mont\u00e9e et temporisation pour descente)<\/li>\n<\/ul>\n<p><strong>b) Type et alimentation :<br \/>\n<\/strong>En fonction du b\u00e2timent<\/p>\n<ul>\n<li>Logique int\u00e9gr\u00e9e avec bo\u00eete \u00e0 boutons<\/li>\n<li>Coffret de commande d\u00e9port\u00e9<\/li>\n<li>230V Mono et 400V Tri<\/li>\n<\/ul>\n","protected":false},"excerpt":{"rendered":"<p>Est Con\u00e7ue pour une utilisation dans un environnement industriel et Commercial. S\u2019adapte \u00e0 toutes vos configurations en ext\u00e9rieur ou en int\u00e9rieur<\/p>\n<p><strong>ISOLATION\u00a0:<br \/>\n<\/strong>La composition des panneaux offre une isolation appr\u00e9ci\u00e9e en termes de :<\/p>\n<ul>\n<li>\u00c9conomie d\u2019\u00e9nergie (thermique) 0,51W\/m2K<\/li>\n<li>Protection face au bruit (acoustique)<\/li>\n<\/ul>\n","protected":false},"featured_media":1377,"comment_status":"open","ping_status":"closed","template":"","meta":{"om_disable_all_campaigns":false,"_mi_skip_tracking":false},"product_cat":[37,54],"product_tag":[],"aioseo_notices":[],"_links":{"self":[{"href":"https:\/\/site1.widetech-dz.com\/index.php\/wp-json\/wp\/v2\/product\/1379"}],"collection":[{"href":"https:\/\/site1.widetech-dz.com\/index.php\/wp-json\/wp\/v2\/product"}],"about":[{"href":"https:\/\/site1.widetech-dz.com\/index.php\/wp-json\/wp\/v2\/types\/product"}],"replies":[{"embeddable":true,"href":"https:\/\/site1.widetech-dz.com\/index.php\/wp-json\/wp\/v2\/comments?post=1379"}],"wp:featuredmedia":[{"embeddable":true,"href":"https:\/\/site1.widetech-dz.com\/index.php\/wp-json\/wp\/v2\/media\/1377"}],"wp:attachment":[{"href":"https:\/\/site1.widetech-dz.com\/index.php\/wp-json\/wp\/v2\/media?parent=1379"}],"wp:term":[{"taxonomy":"product_cat","embeddable":true,"href":"https:\/\/site1.widetech-dz.com\/index.php\/wp-json\/wp\/v2\/product_cat?post=1379"},{"taxonomy":"product_tag","embeddable":true,"href":"https:\/\/site1.widetech-dz.com\/index.php\/wp-json\/wp\/v2\/product_tag?post=1379"}],"curies":[{"name":"wp","href":"https:\/\/api.w.org\/{rel}","templated":true}]}}