{"id":1374,"date":"2022-07-23T17:59:55","date_gmt":"2022-07-23T17:59:55","guid":{"rendered":"https:\/\/site1.widetech-dz.com\/?post_type=product&#038;p=1374"},"modified":"2022-07-23T18:00:56","modified_gmt":"2022-07-23T18:00:56","slug":"portes-pliantes","status":"publish","type":"product","link":"https:\/\/site1.widetech-dz.com\/index.php\/product\/portes-pliantes\/","title":{"rendered":"PORTES PLIANTES"},"content":{"rendered":"<div class=\"wrapper\">\n<div id=\"contenu\">\n<div id=\"BFW-cms-53\" class=\"BFW-cms one-page\">\n<div class=\"one-page-inner one-default\">\n<div class=\"container content_#firstbloc()#_\">\n<div class=\"row\">\n<div class=\"col-xs-12 col-sm-6 col-md-6\">\n<div class=\"texte\">\n<p><strong>OPTIMISATION DE L\u2019ENCOMBREMENT\u00a0:<\/strong><br \/>\nLes diff\u00e9rentes possibilit\u00e9s de Pose\u00a0: en tableau, en applique ext\u00e9rieur ou int\u00e9rieur\u00a0; permettent de r\u00e9pondre aux contraintes d\u2019encombrement de linteau<br \/>\nAvec ou sans rail au sol (selon dimensions)<br \/>\nOuverture des panneaux \u00e0 90\u00b0 ou 180\u00b0<\/p>\n<p><strong>STRUCTURE &amp; QUINCAILLERIE :<br \/>\n<\/strong><\/p>\n<ul>\n<li>Le panneau est isol\u00e9, \u00e9paisseur 52 mm, compos\u00e9 de 2 t\u00f4les en acier galvanis\u00e9 remplies de mousse polyur\u00e9thane.<\/li>\n<li>charni\u00e8res en aluminium<\/li>\n<li>Quincaillerie et rails en acier galvanis\u00e9<\/li>\n<\/ul>\n<p><strong>DIMENSIONS :<\/strong><br \/>\n(Toutes dimensions \u00e9tudi\u00e9es sur demande)<\/p>\n<p><strong>OPTIONS :<\/strong><br \/>\nSerrure \u00e0 canon europ\u00e9en<\/p>\n<ul>\n<li>Si porte manuelle, poign\u00e9e encastr\u00e9e, et verrou fournis<\/li>\n<li>Portillon incorpor\u00e9 ou adjacent<\/li>\n<li>Hublots (ovales) ou sections grille<\/li>\n<li>Grille de ventilation<\/li>\n<\/ul>\n<p><strong>MANOEUVRE :<\/strong><br \/>\nManuelle ou motoris\u00e9<br \/>\nMotorisation sur \u00e9tude sp\u00e9ciale selon les dimensions<\/p>\n<\/div>\n<\/div>\n<\/div>\n<\/div>\n<\/div>\n<\/div>\n<\/div>\n<\/div>\n","protected":false},"excerpt":{"rendered":"<p>Est Con\u00e7ue pour une utilisation dans un environnement industriel et Commercial. S\u2019adapte \u00e0 toutes vos configurations en ext\u00e9rieur ou en int\u00e9rieur<\/p>\n<p><strong>ISOLATION :<\/strong><br \/>\nLa composition des panneaux offre une isolation appr\u00e9ci\u00e9e en termes de :<\/p>\n<ul>\n<li>\u00c9conomie d\u2019\u00e9nergie (thermique)<\/li>\n<li>Protection face au bruit (acoustique)<\/li>\n<\/ul>\n","protected":false},"featured_media":1376,"comment_status":"open","ping_status":"closed","template":"","meta":{"om_disable_all_campaigns":false,"_mi_skip_tracking":false},"product_cat":[53,37],"product_tag":[],"aioseo_notices":[],"_links":{"self":[{"href":"https:\/\/site1.widetech-dz.com\/index.php\/wp-json\/wp\/v2\/product\/1374"}],"collection":[{"href":"https:\/\/site1.widetech-dz.com\/index.php\/wp-json\/wp\/v2\/product"}],"about":[{"href":"https:\/\/site1.widetech-dz.com\/index.php\/wp-json\/wp\/v2\/types\/product"}],"replies":[{"embeddable":true,"href":"https:\/\/site1.widetech-dz.com\/index.php\/wp-json\/wp\/v2\/comments?post=1374"}],"wp:featuredmedia":[{"embeddable":true,"href":"https:\/\/site1.widetech-dz.com\/index.php\/wp-json\/wp\/v2\/media\/1376"}],"wp:attachment":[{"href":"https:\/\/site1.widetech-dz.com\/index.php\/wp-json\/wp\/v2\/media?parent=1374"}],"wp:term":[{"taxonomy":"product_cat","embeddable":true,"href":"https:\/\/site1.widetech-dz.com\/index.php\/wp-json\/wp\/v2\/product_cat?post=1374"},{"taxonomy":"product_tag","embeddable":true,"href":"https:\/\/site1.widetech-dz.com\/index.php\/wp-json\/wp\/v2\/product_tag?post=1374"}],"curies":[{"name":"wp","href":"https:\/\/api.w.org\/{rel}","templated":true}]}}