{"id":1331,"date":"2022-07-22T21:24:12","date_gmt":"2022-07-22T21:24:12","guid":{"rendered":"https:\/\/site1.widetech-dz.com\/?post_type=product&#038;p=1331"},"modified":"2022-07-22T21:24:13","modified_gmt":"2022-07-22T21:24:13","slug":"bornes-escamotables","status":"publish","type":"product","link":"https:\/\/site1.widetech-dz.com\/index.php\/product\/bornes-escamotables\/","title":{"rendered":"BORNES ESCAMOTABLES"},"content":{"rendered":"<p>Pour le contr\u00f4le de passage de v\u00e9hicule sans entraver la circulation pi\u00e9tonne ou 2 roues. Existent en diff\u00e9rentes dimensions et peuvent \u00eatre install\u00e9es en compl\u00e9ment de portail pour renforcer la suret\u00e9 antiterroriste (borne anti camion b\u00e9lier)<\/p>\n<p>Options selon vos exigences (dispositifs de commande, de s\u00e9curit\u00e9, d\u2019avertisseurs, de descente automatique\u2026), g\u00e9r\u00e9es par automate avec programme personnalis\u00e9 Scientelec<\/p>\n","protected":false},"excerpt":{"rendered":"<p>Manuelles, automatiques hydrauliques<\/p>\n","protected":false},"featured_media":1339,"comment_status":"open","ping_status":"closed","template":"","meta":{"om_disable_all_campaigns":false,"_mi_skip_tracking":false},"product_cat":[51,37],"product_tag":[],"aioseo_notices":[],"_links":{"self":[{"href":"https:\/\/site1.widetech-dz.com\/index.php\/wp-json\/wp\/v2\/product\/1331"}],"collection":[{"href":"https:\/\/site1.widetech-dz.com\/index.php\/wp-json\/wp\/v2\/product"}],"about":[{"href":"https:\/\/site1.widetech-dz.com\/index.php\/wp-json\/wp\/v2\/types\/product"}],"replies":[{"embeddable":true,"href":"https:\/\/site1.widetech-dz.com\/index.php\/wp-json\/wp\/v2\/comments?post=1331"}],"wp:featuredmedia":[{"embeddable":true,"href":"https:\/\/site1.widetech-dz.com\/index.php\/wp-json\/wp\/v2\/media\/1339"}],"wp:attachment":[{"href":"https:\/\/site1.widetech-dz.com\/index.php\/wp-json\/wp\/v2\/media?parent=1331"}],"wp:term":[{"taxonomy":"product_cat","embeddable":true,"href":"https:\/\/site1.widetech-dz.com\/index.php\/wp-json\/wp\/v2\/product_cat?post=1331"},{"taxonomy":"product_tag","embeddable":true,"href":"https:\/\/site1.widetech-dz.com\/index.php\/wp-json\/wp\/v2\/product_tag?post=1331"}],"curies":[{"name":"wp","href":"https:\/\/api.w.org\/{rel}","templated":true}]}}