{"id":1157,"date":"2022-07-21T22:46:49","date_gmt":"2022-07-21T22:46:49","guid":{"rendered":"https:\/\/site1.widetech-dz.com\/?post_type=product&#038;p=1157"},"modified":"2022-07-21T22:46:49","modified_gmt":"2022-07-21T22:46:49","slug":"monte-escalier-dolce-vita","status":"publish","type":"product","link":"https:\/\/site1.widetech-dz.com\/index.php\/product\/monte-escalier-dolce-vita\/","title":{"rendered":"MONTE-ESCALIER DOLCE VITA"},"content":{"rendered":"<p style=\"text-align: justify;\">Le fauteuil est confortable et s\u00fbr mais il est \u00e9galement tr\u00e8s esth\u00e9tique et r\u00e9pond aux exigences de ceux qui l\u2019utilisent au quotidien.<\/p>\n<p style=\"text-align: justify;\">Dimensions, encombrement, consommation \u00e9nerg\u00e9tique du fauteuil monte-escalier pour escaliers \u00e0 tournants, \u00e9galement appel\u00e9 chaise ou si\u00e8ge pour monter les escaliers.<br \/>\n<strong>Commande de mouvement<\/strong>: c\u2019est une manette ergonomique. D\u2019un simple geste, vous pouvez actionner le fauteuil <strong>Vimec Dolce Vita<\/strong>.<br \/>\n<strong>Capteurs de s\u00e9curit\u00e9<\/strong>: plac\u00e9s sur le repose-pied et sur le chariot, les capteurs permettent d\u2019arr\u00eater le fauteuil monte-escalier en douceur en cas d\u2019obstacles le long des escaliers (syst\u00e8mes antichoc et anti-cisaillement, ou anti-coupure).<br \/>\n<strong>Ceinture de s\u00e9curit\u00e9<\/strong>: facile \u00e0 utiliser, la ceinture permet aux personnes \u00e2g\u00e9es de se sentir \u00e0 l\u2019aise puisqu\u2019elle s\u2019adapte \u00e0 leur taille, avec r\u00e9tracteur automatique pour ne pas fatiguer l\u2019utilisateur \u00e2g\u00e9.<br \/>\n<strong>Repose-pieds<\/strong>: robuste et s\u00fbr, il se replie pour garantir un encombrement minimum de votre escalier.<br \/>\n<strong>Assise pivotante<\/strong>: une manette tr\u00e8s pratique vous permet, en la maintenant enfonc\u00e9e, de faire pivoter le fauteuil tout en bas et tout en haut de l\u2019escalier afin de monter et de descendre facilement, de fa\u00e7on pratique et s\u00fbre.<br \/>\n<strong>T\u00e9l\u00e9commande \u00e0 infrarouges<\/strong>: pas besoin de fil, vous pouvez rappeler le monte-escalier Dolce Vita \u00e0 l\u2019\u00e9tage de d\u00e9part ou d\u2019arriv\u00e9e.<br \/>\n<strong>La batterie<\/strong>\u00a0qui est toujours en recharge (soit en position d\u2019arriv\u00e9e soit en position de d\u00e9part) assure son utilisation m\u00eame sans \u00e9lectricit\u00e9.<\/p>\n","protected":false},"excerpt":{"rendered":"<p>Aider les personnes \u00e2g\u00e9es \u00e0 monter plusieurs rampes d\u2019escalier avec un monte-escalier \u00e9l\u00e9gant et confortable, toujours sur mesure. \u00catre assis en montant les escaliers en toute autonomie et s\u00e9curit\u00e9 pour les personnes du troisi\u00e8me \u00e2ge.<\/p>\n","protected":false},"featured_media":1160,"comment_status":"open","ping_status":"closed","template":"","meta":{"om_disable_all_campaigns":false,"_mi_skip_tracking":false},"product_cat":[30,41],"product_tag":[],"aioseo_notices":[],"_links":{"self":[{"href":"https:\/\/site1.widetech-dz.com\/index.php\/wp-json\/wp\/v2\/product\/1157"}],"collection":[{"href":"https:\/\/site1.widetech-dz.com\/index.php\/wp-json\/wp\/v2\/product"}],"about":[{"href":"https:\/\/site1.widetech-dz.com\/index.php\/wp-json\/wp\/v2\/types\/product"}],"replies":[{"embeddable":true,"href":"https:\/\/site1.widetech-dz.com\/index.php\/wp-json\/wp\/v2\/comments?post=1157"}],"wp:featuredmedia":[{"embeddable":true,"href":"https:\/\/site1.widetech-dz.com\/index.php\/wp-json\/wp\/v2\/media\/1160"}],"wp:attachment":[{"href":"https:\/\/site1.widetech-dz.com\/index.php\/wp-json\/wp\/v2\/media?parent=1157"}],"wp:term":[{"taxonomy":"product_cat","embeddable":true,"href":"https:\/\/site1.widetech-dz.com\/index.php\/wp-json\/wp\/v2\/product_cat?post=1157"},{"taxonomy":"product_tag","embeddable":true,"href":"https:\/\/site1.widetech-dz.com\/index.php\/wp-json\/wp\/v2\/product_tag?post=1157"}],"curies":[{"name":"wp","href":"https:\/\/api.w.org\/{rel}","templated":true}]}}