{"id":1148,"date":"2022-07-21T22:31:35","date_gmt":"2022-07-21T22:31:35","guid":{"rendered":"https:\/\/site1.widetech-dz.com\/?post_type=product&#038;p=1148"},"modified":"2022-07-21T22:31:35","modified_gmt":"2022-07-21T22:31:35","slug":"monte-charges-ehmix","status":"publish","type":"product","link":"https:\/\/site1.widetech-dz.com\/index.php\/product\/monte-charges-ehmix\/","title":{"rendered":"Monte Charges EHmix"},"content":{"rendered":"<p>L&#8217;\u00c9l\u00e9vateur <strong>EHmix<\/strong> est un monte-charges offrant deux modes de fonctionnement:<br \/>\n1- Mode monte-charges normal, id\u00e9al pour les pics de production, lorsque l&#8217;intervention de deux op\u00e9rateurs, un \u00e0 chaque niveau, est n\u00e9cessaire.<br \/>\n2- Mode de chargement accompagn\u00e9, un \u00ab unique \u00bb op\u00e9rateur qualifi\u00e9 accompagne la charge en cabine et peut donc r\u00e9aliser l&#8217;ensemble du chargement-transport-d\u00e9chargement. Ce mode de fonctionnement permet d\u2019optimiser l&#8217;organisation de l\u2019entreprise.<\/p>\n","protected":false},"excerpt":{"rendered":"<p>L&#8217;\u00c9l\u00e9vateur <strong>EHmix<\/strong> s&#8217;adapte rapidement et ais\u00e9ment \u00e0 diff\u00e9rentes fonctions, il constitue une solution id\u00e9ale pour les entrep\u00f4ts, commerces, usines, d\u00e9p\u00f4ts, r\u00e9serves, activit\u00e9s industrielles. De plus, les dimensions<br \/>\nde cabine sont personnalisables, en fonction de la surface de chargement n\u00e9cessaire ou de la fosse disponible. L&#8217;\u00c9l\u00e9vateur <strong>EHmix<\/strong> optimise le processus de chargement-transport-d\u00e9chargement en garantissant une<br \/>\ns\u00e9curit\u00e9 maximale de l&#8217;espace de travail, que l&#8217;op\u00e9rateur utilise le bo\u00eetier de commande en cabine ou sur le palier<\/p>\n","protected":false},"featured_media":1151,"comment_status":"open","ping_status":"closed","template":"","meta":{"om_disable_all_campaigns":false,"_mi_skip_tracking":false},"product_cat":[30,31,50,32],"product_tag":[],"aioseo_notices":[],"_links":{"self":[{"href":"https:\/\/site1.widetech-dz.com\/index.php\/wp-json\/wp\/v2\/product\/1148"}],"collection":[{"href":"https:\/\/site1.widetech-dz.com\/index.php\/wp-json\/wp\/v2\/product"}],"about":[{"href":"https:\/\/site1.widetech-dz.com\/index.php\/wp-json\/wp\/v2\/types\/product"}],"replies":[{"embeddable":true,"href":"https:\/\/site1.widetech-dz.com\/index.php\/wp-json\/wp\/v2\/comments?post=1148"}],"wp:featuredmedia":[{"embeddable":true,"href":"https:\/\/site1.widetech-dz.com\/index.php\/wp-json\/wp\/v2\/media\/1151"}],"wp:attachment":[{"href":"https:\/\/site1.widetech-dz.com\/index.php\/wp-json\/wp\/v2\/media?parent=1148"}],"wp:term":[{"taxonomy":"product_cat","embeddable":true,"href":"https:\/\/site1.widetech-dz.com\/index.php\/wp-json\/wp\/v2\/product_cat?post=1148"},{"taxonomy":"product_tag","embeddable":true,"href":"https:\/\/site1.widetech-dz.com\/index.php\/wp-json\/wp\/v2\/product_tag?post=1148"}],"curies":[{"name":"wp","href":"https:\/\/api.w.org\/{rel}","templated":true}]}}