{"id":1139,"date":"2022-07-21T21:26:16","date_gmt":"2022-07-21T21:26:16","guid":{"rendered":"https:\/\/site1.widetech-dz.com\/?post_type=product&#038;p=1139"},"modified":"2022-07-21T21:58:20","modified_gmt":"2022-07-21T21:58:20","slug":"home-lite","status":"publish","type":"product","link":"https:\/\/site1.widetech-dz.com\/index.php\/product\/home-lite\/","title":{"rendered":"Home Lite"},"content":{"rendered":"<p><span style=\"color: #696969; font-family: verdana, geneva, sans-serif;\">Widetech Service Alg\u00e9rie vous propose l&#8217;ascenseur de maison \u00e0\u00a0 petit prix pour le d&#8217;d\u00e9placement vertical pour un trafic normal de \u00a0personnes normaux ou des personnes \u00c3\u00a0 mobilit\u00e9 r\u00e9duite dans les r\u00e9sidences priv\u00e9 et villa de 2 ,3 et 4 arr\u00eats. Le modale de marque DALMAS de base est simple \u00e0\u00a0 cabine basique en Skinplate ou Epoxi, sol en PVC et plafond standard fluorescent avec des portes paliers battantes et les accessoires suffisants et n\u00e9cessaires de signalisation et de s\u00e9curit\u00e9.<\/span><\/p>\n","protected":false},"excerpt":{"rendered":"<p><span style=\"color: #696969; font-family: verdana, geneva, sans-serif;\">Pour les plus exigeants ,<strong> Widetech service Alg\u00e9rie<\/strong> donne un vaste choix d&#8217;ascenseurs de maison mod\u00e8le <\/span><strong style=\"color: #696969; font-family: verdana, geneva, sans-serif;\">DALMAS <\/strong><span style=\"color: #696969; font-family: verdana, geneva, sans-serif;\">avec des design allant de l&#8217;inox satin\u00e9 , inox bross\u00e9 \u00e0\u00a0 texture ,<\/span>bois ,<span style=\"color: #696969; font-family: verdana, geneva, sans-serif;\">vitr\u00e9s sur pyl\u00e2ine vitr\u00e9e et portes automatiques en Epoxi ,inox ou vitr\u00e9s ;\u00a0 jusqu&#8217;au design le plus personnalis\u00e9 .<\/span><\/p>\n","protected":false},"featured_media":1140,"comment_status":"open","ping_status":"closed","template":"","meta":{"om_disable_all_campaigns":false,"_mi_skip_tracking":false},"product_cat":[30,49,50,40],"product_tag":[],"aioseo_notices":[],"_links":{"self":[{"href":"https:\/\/site1.widetech-dz.com\/index.php\/wp-json\/wp\/v2\/product\/1139"}],"collection":[{"href":"https:\/\/site1.widetech-dz.com\/index.php\/wp-json\/wp\/v2\/product"}],"about":[{"href":"https:\/\/site1.widetech-dz.com\/index.php\/wp-json\/wp\/v2\/types\/product"}],"replies":[{"embeddable":true,"href":"https:\/\/site1.widetech-dz.com\/index.php\/wp-json\/wp\/v2\/comments?post=1139"}],"wp:featuredmedia":[{"embeddable":true,"href":"https:\/\/site1.widetech-dz.com\/index.php\/wp-json\/wp\/v2\/media\/1140"}],"wp:attachment":[{"href":"https:\/\/site1.widetech-dz.com\/index.php\/wp-json\/wp\/v2\/media?parent=1139"}],"wp:term":[{"taxonomy":"product_cat","embeddable":true,"href":"https:\/\/site1.widetech-dz.com\/index.php\/wp-json\/wp\/v2\/product_cat?post=1139"},{"taxonomy":"product_tag","embeddable":true,"href":"https:\/\/site1.widetech-dz.com\/index.php\/wp-json\/wp\/v2\/product_tag?post=1139"}],"curies":[{"name":"wp","href":"https:\/\/api.w.org\/{rel}","templated":true}]}}