{"id":1134,"date":"2022-07-21T21:03:20","date_gmt":"2022-07-21T21:03:20","guid":{"rendered":"https:\/\/site1.widetech-dz.com\/?post_type=product&#038;p=1134"},"modified":"2022-07-21T21:11:01","modified_gmt":"2022-07-21T21:11:01","slug":"1134","status":"publish","type":"product","link":"https:\/\/site1.widetech-dz.com\/index.php\/product\/1134\/","title":{"rendered":"Cabine C-7"},"content":{"rendered":"","protected":false},"excerpt":{"rendered":"<p>Ascenseur Marque <strong>DALMAS<\/strong> pour Immeuble, <strong>CABINE C-7<\/strong><\/p>\n<p>CABINE LAMINE Parois : Lamin\u00e9 1 seul panneau vertical Accessoires: Acier Inoxydable Satin\u00e9 Plancher : PVC Plafond : Acier Inoxydable Satin\u00e9<\/p>\n","protected":false},"featured_media":1135,"comment_status":"open","ping_status":"closed","template":"","meta":{"om_disable_all_campaigns":false,"_mi_skip_tracking":false},"product_cat":[30,47,50],"product_tag":[],"aioseo_notices":[],"_links":{"self":[{"href":"https:\/\/site1.widetech-dz.com\/index.php\/wp-json\/wp\/v2\/product\/1134"}],"collection":[{"href":"https:\/\/site1.widetech-dz.com\/index.php\/wp-json\/wp\/v2\/product"}],"about":[{"href":"https:\/\/site1.widetech-dz.com\/index.php\/wp-json\/wp\/v2\/types\/product"}],"replies":[{"embeddable":true,"href":"https:\/\/site1.widetech-dz.com\/index.php\/wp-json\/wp\/v2\/comments?post=1134"}],"wp:featuredmedia":[{"embeddable":true,"href":"https:\/\/site1.widetech-dz.com\/index.php\/wp-json\/wp\/v2\/media\/1135"}],"wp:attachment":[{"href":"https:\/\/site1.widetech-dz.com\/index.php\/wp-json\/wp\/v2\/media?parent=1134"}],"wp:term":[{"taxonomy":"product_cat","embeddable":true,"href":"https:\/\/site1.widetech-dz.com\/index.php\/wp-json\/wp\/v2\/product_cat?post=1134"},{"taxonomy":"product_tag","embeddable":true,"href":"https:\/\/site1.widetech-dz.com\/index.php\/wp-json\/wp\/v2\/product_tag?post=1134"}],"curies":[{"name":"wp","href":"https:\/\/api.w.org\/{rel}","templated":true}]}}