{"id":21,"date":"2015-10-03T20:12:25","date_gmt":"2015-10-03T20:12:25","guid":{"rendered":"http:\/\/total.wpexplorer.com\/corporate\/?page_id=21"},"modified":"2022-07-18T13:27:41","modified_gmt":"2022-07-18T13:27:41","slug":"about","status":"publish","type":"page","link":"https:\/\/site1.widetech-dz.com\/index.php\/about\/","title":{"rendered":"About"},"content":{"rendered":"[vc_row full_width=&#8221;stretch_row&#8221; parallax=&#8221;content-moving&#8221; parallax_image=&#8221;49&#8243; css=&#8221;.vc_custom_1520020659454{padding-top: 80px !important;padding-bottom: 40px !important;background-color: #555555 !important;}&#8221;][vc_column]<div class=\"vcex-module vcex-heading wpex-text-2xl wpex-font-normal wpex-m-auto wpex-max-w-100 vcex-heading-plain wpex-block wpex-text-center vc_custom_1658150176609\" style=\"color:#ffffff;\"><span class=\"vcex-heading-inner wpex-inline-block wpex-clr\">A PROPOS DE NOUS<\/span><\/div><div class=\"vcex-module vcex-divider vcex-divider-solid wpex-max-w-100 wpex-mx-auto wpex-block wpex-h-0 wpex-border-b wpex-border-solid wpex-border-gray-200\" style=\"width:80px;border-bottom-width:3px;border-color:#83c132;\"><\/div><div class=\"vcex-spacing wpex-w-100 wpex-clear\" style=\"height:30px\"><\/div>[vc_column_text width=&#8221;750px&#8221; color=&#8221;#ffffff&#8221;]\n<p style=\"text-align: center;\"><strong>Widetech Services Alg\u00e9rie<\/strong>\u00a0est une entreprise sp\u00e9cialis\u00e9 dans la prestation de services techniques Multidisciplinaire et sp\u00e9cialiste du : Transport Vertical (Ascenseurs, Monte Charges, Escaliers m\u00e9caniques et appareils similaires\u2026..) Widetech Services Alg\u00e9rie est Form\u00e9 d\u2019une \u00e9quipe de techniciens et ing\u00e9nieurs chevronn\u00e9es dans le domaine de l\u2019installation, la maintenance, la r\u00e9habilitation et la modernisation des ascenseurs, Nous cumulant plus de 40 Ans d\u2019expertise et de savoir-faire dans le secteur des Ascenseurs. Widetech Services c\u2019est aussi les m\u00e9tiers d\u2019ing\u00e9nieries alliant : Les syst\u00e8mes de s\u00e9curit\u00e9 et de protection des biens: -Contr\u00f4le d\u2019Acc\u00e8s, visiophonie, Anti-incendie, L\u2019Anti-Intrusion, Vid\u00e9osurveillance -confort r\u00e9sidentiel (Smart Home) Domotique, Les Syst\u00e8mes de Gestion de Stationnements et de Parking (avec ou sans p\u00e9age) -LAPR syst\u00e8me d\u2019identification de plaque d\u2019immatriculation, -LR RFID Syst\u00e8me d\u2019identification radio longue port\u00e9e,<\/p>\n[\/vc_column_text][\/vc_column][\/vc_row][vc_row][vc_column][vc_hoverbox image=&#8221;220&#8243; primary_title=&#8221;Widetech Services Alg\u00e9rie&#8221; hover_title=&#8221;Widetech Services Alg\u00e9rie&#8221; css=&#8221;.vc_custom_1658150601230{margin-top: 20px !important;}&#8221;]\n<ul>\n<li style=\"text-align: left;\">Solutions sur-mesure adapt\u00e9es \u00e0 votre probl\u00e9matique de gestion d\u2019acc\u00e8s<\/li>\n<li style=\"text-align: left;\">Pr\u00e9vention des risques d\u2019intrusion et de vols<\/li>\n<li style=\"text-align: left;\">S\u00e9curisation des points d\u2019acc\u00e8s<\/li>\n<li style=\"text-align: left;\">S\u00e9curit\u00e9 24h\/24 et 7j\/7<\/li>\n<li style=\"text-align: left;\">Fluidification des acc\u00e8s<\/li>\n<li style=\"text-align: left;\">Tra\u00e7abilit\u00e9 des entr\u00e9es et des sorties<\/li>\n<li style=\"text-align: left;\">Consignation de preuves aupr\u00e8s des assurances et actions en justice<\/li>\n<li style=\"text-align: left;\">Acc\u00e8s \u00e0 une technologie de pointe sans investissement majeur<\/li>\n<li style=\"text-align: left;\">Optimisation permanente en vue de r\u00e9duire le budget s\u00e9curit\u00e9<\/li>\n<\/ul>\n[\/vc_hoverbox][\/vc_column][\/vc_row]\n","protected":false},"excerpt":{"rendered":"<p>[vc_row full_width=&#8221;stretch_row&#8221; parallax=&#8221;content-moving&#8221; parallax_image=&#8221;49&#8243; css=&#8221;.vc_custom_1520020659454{padding-top: 80px !important;padding-bottom: 40px !important;background-color: #555555 !important;}&#8221;][vc_column][vc_column_text width=&#8221;750px&#8221; color=&#8221;#ffffff&#8221;] Widetech Services Alg\u00e9rie\u00a0est une entreprise sp\u00e9cialis\u00e9 dans la prestation de services techniques Multidisciplinaire et sp\u00e9cialiste du : Transport Vertical (Ascenseurs, Monte Charges, Escaliers m\u00e9caniques et appareils similaires\u2026..) Widetech Services Alg\u00e9rie est Form\u00e9 d\u2019une \u00e9quipe de techniciens et ing\u00e9nieurs chevronn\u00e9es dans le domaine&hellip;<\/p>\n","protected":false},"author":1,"featured_media":0,"parent":0,"menu_order":0,"comment_status":"closed","ping_status":"closed","template":"","meta":{"om_disable_all_campaigns":false,"_mi_skip_tracking":false},"aioseo_notices":[],"_links":{"self":[{"href":"https:\/\/site1.widetech-dz.com\/index.php\/wp-json\/wp\/v2\/pages\/21"}],"collection":[{"href":"https:\/\/site1.widetech-dz.com\/index.php\/wp-json\/wp\/v2\/pages"}],"about":[{"href":"https:\/\/site1.widetech-dz.com\/index.php\/wp-json\/wp\/v2\/types\/page"}],"author":[{"embeddable":true,"href":"https:\/\/site1.widetech-dz.com\/index.php\/wp-json\/wp\/v2\/users\/1"}],"replies":[{"embeddable":true,"href":"https:\/\/site1.widetech-dz.com\/index.php\/wp-json\/wp\/v2\/comments?post=21"}],"version-history":[{"count":1,"href":"https:\/\/site1.widetech-dz.com\/index.php\/wp-json\/wp\/v2\/pages\/21\/revisions"}],"predecessor-version":[{"id":221,"href":"https:\/\/site1.widetech-dz.com\/index.php\/wp-json\/wp\/v2\/pages\/21\/revisions\/221"}],"wp:attachment":[{"href":"https:\/\/site1.widetech-dz.com\/index.php\/wp-json\/wp\/v2\/media?parent=21"}],"curies":[{"name":"wp","href":"https:\/\/api.w.org\/{rel}","templated":true}]}}