{"id":2,"date":"2015-10-03T19:59:44","date_gmt":"2015-10-03T19:59:44","guid":{"rendered":"http:\/\/total.wpexplorer.com\/corporate\/?page_id=2"},"modified":"2022-07-23T23:10:40","modified_gmt":"2022-07-23T23:10:40","slug":"home","status":"publish","type":"page","link":"https:\/\/site1.widetech-dz.com\/","title":{"rendered":"Home"},"content":{"rendered":"[vc_row css=&#8221;.vc_custom_1658230687314{margin-top: 20px !important;}&#8221;][vc_column width=&#8221;1\/2&#8243; css=&#8221;.vc_custom_1658093288246{margin-top: 85px !important;}&#8221;][vc_column_text responsive_text=&#8221;true&#8221; font_size=&#8221;18&#8243;]\n<h1>Sp\u00e9cialis\u00e9e dans l\u2019installation d\u2019ascenseurs<\/h1>\n<p>Nous offrons \u00e0 la soci\u00e9t\u00e9 un ascenseur extr\u00eamement fiable, au design attractif et dont les co\u00fbts d\u2019installation et de maintenance sont extr\u00eamement r\u00e9duits<\/p>\n<p style=\"text-align: left;\"><strong><a href=\"#\" title=\"Visit Site\" class=\"vcex-button theme-button flat a52148 small align-left inline\" rel=\"none\"><span class=\"theme-button-inner\">Plus d&#8217;informations<\/span><\/a> <\/strong><\/p>\n[\/vc_column_text][\/vc_column][vc_column width=&#8221;1\/2&#8243;][vc_single_image image=&#8221;150&#8243; img_size=&#8221;large&#8221; css_animation=&#8221;fadeIn&#8221;][\/vc_column][\/vc_row][vc_row][vc_column width=&#8221;1\/2&#8243;]<div class=\"vcex-module vcex-image-banner wpex-relative wpex-overflow-hidden wpex-max-w-100 wpex-bg-gray-900 wpex-text-white wpex-float-center wpex-text-center vcex-has-img-tag\" ><img src=\"https:\/\/site1.widetech-dz.com\/wp-content\/uploads\/2022\/07\/R.png\" class=\"vcex-ib-img wpex-block wpex-z-1 wpex-transition-all wpex-duration-500\" \/><div class=\"vcex-ib-overlay wpex-absolute wpex-z-5 wpex-inset-0 wpex-transition-all wpex-duration-500\"><div class=\"vcex-ib-overlay-bg wpex-absolute wpex-inset-0 wpex-bg-black wpex-opacity-30\"><\/div><\/div><div class=\"vcex-ib-border wpex-absolute wpex-z-5 wpex-inset-0 wpex-m-15 wpex-border wpex-border-solid wpex-pointer-events-none wpex-transition-all wpex-duration-500\" style=\"border-color:#eaeaea;\"><\/div><div class=\"vcex-ib-content-wrap wpex-z-10 wpex-w-100 wpex-transition-all wpex-duration-500 wpex-absolute wpex-inset-0 wpex-flex wpex-items-end wpex-clr\"><div class=\"vcex-ib-content wpex-flex-grow wpex-mx-auto wpex-clr\"><h1 class=\"vcex-ib-title wpex-heading wpex-inherit-color-important\">LA S\u00c9CURIT\u00c9<\/h1><div class=\"vcex-ib-caption wpex-text-lg wpex-last-mb-0\">DE VOS LOCAUX<\/div><\/div><\/div><\/div>[\/vc_column][vc_column width=&#8221;1\/2&#8243;][vc_column_text]\n<h2 class=\"uk-article-title\"><\/h2>\n<p><span style=\"font-size: 16px;\">Le\u00a0contr\u00f4le d\u2019acc\u00e8s\u00a0\u00e0 un syst\u00e8me d\u2019information, consiste \u00e0 associer des droits d\u2019acc\u00e8s \u00e0 une entit\u00e9 personne, Un\u00a0contr\u00f4le\u00a0d\u2019acc\u00e8s peut \u00eatre\u00a0logique\u00a0et\/ou\u00a0physique\u00a0(mot de passe, carte, cl\u00e9, biom\u00e9trie, \u2026),<\/span><\/p>\n<p style=\"text-align: left;\"><strong><a href=\"https:\/\/site1.widetech-dz.com\/index.php\/controle-dacces\/\" title=\"Visit Site\" class=\"vcex-button theme-button flat a52148 small align-left inline\" rel=\"none\"><span class=\"theme-button-inner\">Plus d&#8217;informations<\/span><\/a> <\/strong><\/p>\n[\/vc_column_text][\/vc_column][\/vc_row][vc_row full_width=&#8221;stretch_row&#8221; parallax=&#8221;content-moving&#8221; parallax_image=&#8221;189&#8243; parallax_speed_bg=&#8221;2.5&#8243; remove_bottom_col_margin=&#8221;true&#8221; wpex_bg_overlay=&#8221;dark&#8221; css=&#8221;.vc_custom_1658101012146{padding-top: 100px !important;padding-bottom: 100px !important;background-color: #555555 !important;}&#8221; wpex_bg_overlay_color=&#8221;#b7b7b7&#8243;][vc_column]<h1 class=\"vcex-module vcex-heading wpex-text-2xl wpex-font-normal wpex-m-auto wpex-max-w-100 vcex-heading-plain wpex-block wpex-text-center vc_custom_1658093350515\" style=\"color:#ffffff;font-size:26px;\"><span class=\"vcex-heading-inner wpex-inline-block wpex-clr\">MAINTENANCE DES ASCENSEURS<\/span><\/h1><div class=\"vcex-module vcex-divider vcex-divider-solid wpex-max-w-100 wpex-mx-auto wpex-block wpex-h-0 wpex-border-b wpex-border-solid wpex-border-gray-200\" style=\"width:80px;border-bottom-width:3px;border-color:#83c132;\"><\/div><div class=\"vcex-spacing wpex-w-100 wpex-clear\" style=\"height:30px\"><\/div>[vc_column_text width=&#8221;700px&#8221; color=&#8221;#ffffff&#8221;]\n<p style=\"text-align: justify;\"><span style=\"font-size: 16px;\">La maintenance pr\u00e9ventive pour une disponibilit\u00e9 optimale, <strong>Comp\u00e9tences techniques<\/strong>\u00a0sur toutes les marques et tous les mod\u00e8les\u00a0<strong>du march\u00e9, gr\u00e2ce au savoir faire nos techniciens et ing\u00e9nieurs, <\/strong>nos programmes de maintenance pr\u00e9ventive et corrective assurent une disponibilit\u00e9 maximale.<\/span><\/p>\n[\/vc_column_text]<div class=\"vcex-spacing wpex-w-100 wpex-clear\" style=\"height:30px\"><\/div><div class=\"textcenter theme-button-wrap wpex-clr\"><a href=\"https:\/\/site1.widetech-dz.com\/index.php\/maintenance\/\" title=\"Learn More\" class=\"vcex-button theme-button align-center inline\" style=\"padding:10px 30px;border-radius:0px;\"><span class=\"theme-button-inner\">Plus d&#8217;informations<\/span><\/a><\/div> [\/vc_column][\/vc_row][vc_row css=&#8221;.vc_custom_1658100262262{margin-top: 10px !important;margin-right: 10px !important;margin-bottom: 10px !important;margin-left: 10px !important;background-position: 0 0 !important;background-repeat: no-repeat !important;}&#8221;][vc_column]<div class=\"vcex-module vcex-teaser vcex-teaser-two textcenter wpex-bg-gray-100 wpex-p-20 wpex-rounded\"><figure class=\"vcex-teaser-media wpex-mb-20 wpex-image-hover sepia textcenter\"><img width=\"1280\" height=\"853\" src=\"https:\/\/site1.widetech-dz.com\/wp-content\/uploads\/2022\/07\/escalator-719814_1280-min-1.jpg\" class=\"wpex-align-middle\" alt=\"Escaliers \u00e9lectriques\" decoding=\"async\" loading=\"lazy\" \/><\/figure><div class=\"vcex-teaser-content clr\"><h1 class=\"vcex-teaser-heading wpex-heading wpex-text-lg\" style=\"color:#af5d26;font-size:32px;\">Escaliers \u00e9lectriques<\/h1><div class=\"vcex-teaser-text wpex-mt-10 wpex-last-mb-0 wpex-clr\"><h2><span style=\"font-size: 18px\">UN SAVOIR-FAIRE MULTI-MARQUES<\/span><\/h2>\n<p style=\"text-align: center\"><span style=\"font-size: 16px\">Nos techniciens sp\u00e9cialis\u00e9s escalators ainsi que nos superviseurs d\u00e9di\u00e9s vous assurent les meilleurs services sur vos escaliers m\u00e9caniques, tous constructeurs confondus.<\/span><\/p>\n<\/div><\/div><\/div><div class=\"textcenter theme-button-wrap wpex-clr\"><a href=\"https:\/\/site1.widetech-dz.com\/index.php\/escalier-electrique\/\" title=\"Learn More\" class=\"vcex-button theme-button align-center inline\" style=\"padding:10px 30px;border-radius:0px;\"><span class=\"theme-button-inner\">Plus d&#8217;informations<\/span><\/a><\/div> [\/vc_column][\/vc_row][vc_row css=&#8221;.vc_custom_1658099898344{background-color: #93451d !important;}&#8221;][vc_column width=&#8221;2\/3&#8243;][vc_column_text color=&#8221;#ffffff&#8221;]\n<h2 class=\"uppercase\"><span style=\"color: #ffffff;\"><strong>WIDETECH SERVICES ALG\u00c9RIE<\/strong><\/span><\/h2>\n<p>Vous assure l\u2019entretien sur tous les types et toutes les marques d&#8217;ascenseurs, qu\u2019il s\u2019agisse d\u2019installation \u00e0 treuil ou hydraulique, de 20 kgs \u00e0 5 tonnes, de 0,20 m\/s \u00e0 2,50 m\/s.<\/p>\n<ul>\n<li>D\u00e9pannage et entretien d&#8217;ascenseur<\/li>\n<li>Mise en conformit\u00e9<\/li>\n<li>R\u00e9novation<\/li>\n<\/ul>\n<p><strong>Entretien et d\u00e9pannage de :<\/strong><\/p>\n<ul>\n<li>Monte-charge<\/li>\n<li>Monte-fut<\/li>\n<li>Monte-plat<\/li>\n<li>Automatisme de porte de garage<\/li>\n<\/ul>\n[\/vc_column_text][\/vc_column][vc_column width=&#8221;1\/3&#8243;][vc_video link=&#8221;&#8221; align=&#8221;center&#8221;][vc_video link=&#8221;https:\/\/vimeo.com\/172540894&#8243;][\/vc_column][\/vc_row][vc_row css=&#8221;.vc_custom_1658155300882{margin-top: 15px !important;margin-bottom: 15px !important;}&#8221;][vc_column]<div class=\"vcex-module vcex-image-banner wpex-relative wpex-overflow-hidden wpex-max-w-100 wpex-bg-gray-900 wpex-text-white wpex-float-center wpex-text-center wpex-rounded vcex-has-img-tag vcex-has-button\" ><a href=\"https:\/\/site1.widetech-dz.com\/index.php\/controle-dacces\/\" class=\"vcex-ib-link wpex-block wpex-inherit-color-important wpex-no-underline\"><img src=\"https:\/\/site1.widetech-dz.com\/wp-content\/uploads\/2022\/07\/2021-07-05_153950.png\" class=\"vcex-ib-img wpex-block wpex-z-1 wpex-transition-all wpex-duration-500 wpex-rounded\" \/><div class=\"vcex-ib-overlay wpex-absolute wpex-z-5 wpex-inset-0 wpex-transition-all wpex-duration-500\"><div class=\"vcex-ib-overlay-bg wpex-absolute wpex-inset-0 wpex-bg-black wpex-opacity-30\"><\/div><\/div><div class=\"vcex-ib-border wpex-absolute wpex-z-5 wpex-inset-0 wpex-m-15 wpex-border wpex-border-solid wpex-pointer-events-none wpex-transition-all wpex-duration-500 wpex-border-white\"><\/div><div class=\"vcex-ib-content-wrap wpex-z-10 wpex-w-100 wpex-transition-all wpex-duration-500 wpex-absolute wpex-inset-0 wpex-flex wpex-items-center wpex-clr\"><div class=\"vcex-ib-content wpex-flex-grow wpex-mx-auto wpex-clr\"><div class=\"vcex-ib-title wpex-heading wpex-inherit-color-important\">Contr\u00f4le<\/div><div class=\"vcex-ib-caption wpex-text-lg wpex-last-mb-0 wpex-pb-10\">Et Gestion de Parking<\/div><div class=\"vcex-ib-button\"><span class=\"theme-button\">Plus de d\u00e9tails<\/span><\/div><\/div><\/div><\/a><\/div>[\/vc_column][\/vc_row][vc_row css=&#8221;.vc_custom_1520020006293{padding-top: 80px !important;padding-bottom: 40px !important;}&#8221;][vc_column]<h1 class=\"vcex-module vcex-heading wpex-text-2xl wpex-font-normal wpex-m-auto wpex-max-w-100 vcex-heading-plain wpex-block wpex-text-center vc_custom_1658094236209\"><span class=\"vcex-heading-inner wpex-inline-block wpex-clr\">Nos partenaires et fournisseurs<\/span><\/h1><div class=\"vcex-module vcex-divider vcex-divider-solid wpex-max-w-100 wpex-mx-auto wpex-block wpex-h-0 wpex-border-b wpex-border-solid wpex-border-gray-200\" style=\"width:80px;border-bottom-width:3px;border-color:#83c132;\"><\/div><div class=\"vcex-spacing wpex-w-100 wpex-clear\" style=\"height:40px\"><\/div><div class=\"vcex-module wpex-carousel wpex-carousel-images wpex-clr owl-carousel wpex-carousel-items-center\" data-wpex-carousel=\"{&quot;nav&quot;:false,&quot;dots&quot;:true,&quot;autoplay&quot;:true,&quot;loop&quot;:true,&quot;center&quot;:true,&quot;smartSpeed&quot;:250,&quot;items&quot;:7,&quot;slideBy&quot;:7,&quot;autoplayTimeout&quot;:3000,&quot;margin&quot;:30,&quot;itemsTablet&quot;:4,&quot;itemsMobileLandscape&quot;:3,&quot;itemsMobilePortrait&quot;:2,&quot;autoWidth&quot;:false,&quot;autoHeight&quot;:false}\"><div class=\"wpex-carousel-slide textcenter\"><figure class=\"wpex-carousel-entry-media entry-media\"><img width=\"204\" height=\"81\" src=\"https:\/\/site1.widetech-dz.com\/wp-content\/uploads\/2022\/07\/excelsir.png\" class=\"wpex-align-middle skip-lazy\" alt=\"\" decoding=\"async\" data-no-lazy=\"1\" \/><\/figure><\/div><div class=\"wpex-carousel-slide textcenter\"><figure class=\"wpex-carousel-entry-media entry-media\"><img width=\"294\" height=\"66\" src=\"https:\/\/site1.widetech-dz.com\/wp-content\/uploads\/2022\/07\/Intentec.png\" class=\"wpex-align-middle skip-lazy\" alt=\"\" decoding=\"async\" data-no-lazy=\"1\" \/><\/figure><\/div><div class=\"wpex-carousel-slide textcenter\"><figure class=\"wpex-carousel-entry-media entry-media\"><img width=\"178\" height=\"53\" src=\"https:\/\/site1.widetech-dz.com\/wp-content\/uploads\/2022\/07\/Imem.png\" class=\"wpex-align-middle skip-lazy\" alt=\"\" decoding=\"async\" data-no-lazy=\"1\" \/><\/figure><\/div><div class=\"wpex-carousel-slide textcenter\"><figure class=\"wpex-carousel-entry-media entry-media\"><img width=\"211\" height=\"71\" src=\"https:\/\/site1.widetech-dz.com\/wp-content\/uploads\/2022\/07\/bm.png\" class=\"wpex-align-middle skip-lazy\" alt=\"\" decoding=\"async\" data-no-lazy=\"1\" \/><\/figure><\/div><div class=\"wpex-carousel-slide textcenter\"><figure class=\"wpex-carousel-entry-media entry-media\"><img width=\"126\" height=\"87\" src=\"https:\/\/site1.widetech-dz.com\/wp-content\/uploads\/2022\/07\/mp.png\" class=\"wpex-align-middle skip-lazy\" alt=\"\" decoding=\"async\" data-no-lazy=\"1\" \/><\/figure><\/div><\/div>[\/vc_column][\/vc_row][vc_row][vc_column][ucaddon_uc_starter_header image=&#8221;wp-content\/uploads\/ac_assets\/uc_starter_header\/banner.jpg&#8221; subheader=&#8221;Widetech Service Alg\u00e9rie&#8221; header=&#8221;Votre partenaire&#8221; btn_bg=&#8221;#a52148&#8243; btn_text=&#8221;Demandez votre devis gratuit&#8221; btn_text_color=&#8221;#ffffff&#8221; link=&#8221;https:\/\/site1.widetech-dz.com\/index.php\/contact\/&#8221; uc_fonts_data=&#8221;JTdCJTdE&#8221;][\/vc_column][\/vc_row]\n","protected":false},"excerpt":{"rendered":"<p>[vc_row css=&#8221;.vc_custom_1658230687314{margin-top: 20px !important;}&#8221;][vc_column width=&#8221;1\/2&#8243; css=&#8221;.vc_custom_1658093288246{margin-top: 85px !important;}&#8221;][vc_column_text responsive_text=&#8221;true&#8221; font_size=&#8221;18&#8243;] Sp\u00e9cialis\u00e9e dans l\u2019installation d\u2019ascenseurs Nous offrons \u00e0 la soci\u00e9t\u00e9 un ascenseur extr\u00eamement fiable, au design attractif et dont les co\u00fbts d\u2019installation et de maintenance sont extr\u00eamement r\u00e9duits [\/vc_column_text][\/vc_column][vc_column width=&#8221;1\/2&#8243;][vc_single_image image=&#8221;150&#8243; img_size=&#8221;large&#8221; css_animation=&#8221;fadeIn&#8221;][\/vc_column][\/vc_row][vc_row][vc_column width=&#8221;1\/2&#8243;][\/vc_column][vc_column width=&#8221;1\/2&#8243;][vc_column_text] Le\u00a0contr\u00f4le d\u2019acc\u00e8s\u00a0\u00e0 un syst\u00e8me d\u2019information, consiste \u00e0 associer des droits d\u2019acc\u00e8s&hellip;<\/p>\n","protected":false},"author":1,"featured_media":0,"parent":0,"menu_order":0,"comment_status":"closed","ping_status":"closed","template":"","meta":{"om_disable_all_campaigns":false,"_mi_skip_tracking":false},"aioseo_notices":[],"_links":{"self":[{"href":"https:\/\/site1.widetech-dz.com\/index.php\/wp-json\/wp\/v2\/pages\/2"}],"collection":[{"href":"https:\/\/site1.widetech-dz.com\/index.php\/wp-json\/wp\/v2\/pages"}],"about":[{"href":"https:\/\/site1.widetech-dz.com\/index.php\/wp-json\/wp\/v2\/types\/page"}],"author":[{"embeddable":true,"href":"https:\/\/site1.widetech-dz.com\/index.php\/wp-json\/wp\/v2\/users\/1"}],"replies":[{"embeddable":true,"href":"https:\/\/site1.widetech-dz.com\/index.php\/wp-json\/wp\/v2\/comments?post=2"}],"version-history":[{"count":24,"href":"https:\/\/site1.widetech-dz.com\/index.php\/wp-json\/wp\/v2\/pages\/2\/revisions"}],"predecessor-version":[{"id":1479,"href":"https:\/\/site1.widetech-dz.com\/index.php\/wp-json\/wp\/v2\/pages\/2\/revisions\/1479"}],"wp:attachment":[{"href":"https:\/\/site1.widetech-dz.com\/index.php\/wp-json\/wp\/v2\/media?parent=2"}],"curies":[{"name":"wp","href":"https:\/\/api.w.org\/{rel}","templated":true}]}}