{"id":1300,"date":"2022-07-22T13:39:03","date_gmt":"2022-07-22T13:39:03","guid":{"rendered":"https:\/\/site1.widetech-dz.com\/?page_id=1300"},"modified":"2022-07-23T21:18:14","modified_gmt":"2022-07-23T21:18:14","slug":"acces-pietons","status":"publish","type":"page","link":"https:\/\/site1.widetech-dz.com\/index.php\/acces-pietons\/","title":{"rendered":"ACC\u00c8S PI\u00c9TONS"},"content":{"rendered":"\t\t<div data-elementor-type=\"wp-page\" data-elementor-id=\"1300\" class=\"elementor elementor-1300\">\n\t\t\t\t\t\t\t\t\t<section class=\"elementor-section elementor-top-section elementor-element elementor-element-1a89ac60 elementor-section-full_width elementor-section-height-min-height elementor-section-items-stretch elementor-section-content-bottom elementor-section-height-default wpr-particle-no wpr-jarallax-no wpr-parallax-no wpr-sticky-section-no\" data-id=\"1a89ac60\" data-element_type=\"section\">\n\t\t\t\t\t\t<div class=\"elementor-container elementor-column-gap-no\">\n\t\t\t\t\t<div class=\"elementor-column elementor-col-50 elementor-top-column elementor-element elementor-element-1299724c\" data-id=\"1299724c\" data-element_type=\"column\" data-settings=\"{&quot;background_background&quot;:&quot;classic&quot;}\">\n\t\t\t<div class=\"elementor-widget-wrap elementor-element-populated\">\n\t\t\t\t\t\t\t\t<div class=\"elementor-element elementor-element-3d73a269 elementor-widget elementor-widget-heading\" data-id=\"3d73a269\" data-element_type=\"widget\" data-widget_type=\"heading.default\">\n\t\t\t\t<div class=\"elementor-widget-container\">\n\t\t\t<style>\/*! elementor - v3.9.0 - 06-12-2022 *\/\n.elementor-heading-title{padding:0;margin:0;line-height:1}.elementor-widget-heading .elementor-heading-title[class*=elementor-size-]>a{color:inherit;font-size:inherit;line-height:inherit}.elementor-widget-heading .elementor-heading-title.elementor-size-small{font-size:15px}.elementor-widget-heading .elementor-heading-title.elementor-size-medium{font-size:19px}.elementor-widget-heading .elementor-heading-title.elementor-size-large{font-size:29px}.elementor-widget-heading .elementor-heading-title.elementor-size-xl{font-size:39px}.elementor-widget-heading .elementor-heading-title.elementor-size-xxl{font-size:59px}<\/style><h1 class=\"elementor-heading-title elementor-size-default\">ACC\u00c8S PI\u00c9TONS<\/h1>\t\t<\/div>\n\t\t\t\t<\/div>\n\t\t\t\t<div class=\"elementor-element elementor-element-42757f1f elementor-widget elementor-widget-heading\" data-id=\"42757f1f\" data-element_type=\"widget\" data-widget_type=\"heading.default\">\n\t\t\t\t<div class=\"elementor-widget-container\">\n\t\t\t<h6 class=\"elementor-heading-title elementor-size-default\">Widetech Services Alg\u00e9rie propose un large choix de porte pi\u00e9tonne.\nBattantes, coulissantes, t\u00e9lescopiques elles s\u00e9curisent vos entr\u00e9es gr\u00e2ce au contr\u00f4le d\u2019acc\u00e8s qui l\u2019avertissent et \u00e0 la structure des vantaux (vitrage simple, double, anti intrusion, pare-balle, etc.)<\/h6>\t\t<\/div>\n\t\t\t\t<\/div>\n\t\t\t\t<div class=\"elementor-element elementor-element-6afcc55e elementor-widget elementor-widget-button\" data-id=\"6afcc55e\" data-element_type=\"widget\" data-widget_type=\"button.default\">\n\t\t\t\t<div class=\"elementor-widget-container\">\n\t\t\t\t\t<div class=\"elementor-button-wrapper\">\n\t\t\t<a href=\"#\" class=\"elementor-button-link elementor-button elementor-size-sm\" role=\"button\">\n\t\t\t\t\t\t<span class=\"elementor-button-content-wrapper\">\n\t\t\t\t\t\t<span class=\"elementor-button-text\">Voir nos Produits<\/span>\n\t\t<\/span>\n\t\t\t\t\t<\/a>\n\t\t<\/div>\n\t\t\t\t<\/div>\n\t\t\t\t<\/div>\n\t\t\t\t\t<\/div>\n\t\t<\/div>\n\t\t\t\t<div class=\"elementor-column elementor-col-50 elementor-top-column elementor-element elementor-element-7b4dc90c\" data-id=\"7b4dc90c\" data-element_type=\"column\">\n\t\t\t<div class=\"elementor-widget-wrap elementor-element-populated\">\n\t\t\t\t\t\t\t\t<div class=\"elementor-element elementor-element-349bce7b elementor-widget elementor-widget-image\" data-id=\"349bce7b\" data-element_type=\"widget\" data-widget_type=\"image.default\">\n\t\t\t\t<div class=\"elementor-widget-container\">\n\t\t\t<style>\/*! elementor - v3.9.0 - 06-12-2022 *\/\n.elementor-widget-image{text-align:center}.elementor-widget-image a{display:inline-block}.elementor-widget-image a img[src$=\".svg\"]{width:48px}.elementor-widget-image img{vertical-align:middle;display:inline-block}<\/style>\t\t\t\t\t\t\t\t\t\t\t\t<img decoding=\"async\" width=\"480\" height=\"542\" src=\"https:\/\/site1.widetech-dz.com\/wp-content\/uploads\/2022\/07\/porte-vitre-accordeon.jpg\" class=\"attachment-full size-full wp-image-1396\" alt=\"\" loading=\"lazy\" \/>\t\t\t\t\t\t\t\t\t\t\t\t\t\t\t<\/div>\n\t\t\t\t<\/div>\n\t\t\t\t<div class=\"elementor-element elementor-element-482a7277 elementor-widget__width-auto elementor-absolute animated-slow elementor-invisible elementor-widget elementor-widget-image\" data-id=\"482a7277\" data-element_type=\"widget\" data-settings=\"{&quot;_position&quot;:&quot;absolute&quot;,&quot;_animation&quot;:&quot;fadeInRight&quot;}\" data-widget_type=\"image.default\">\n\t\t\t\t<div class=\"elementor-widget-container\">\n\t\t\t\t\t\t\t\t\t\t\t\t\t\t\t<img decoding=\"async\" width=\"521\" height=\"480\" src=\"https:\/\/site1.widetech-dz.com\/wp-content\/uploads\/2022\/07\/SAS-UNIPERSONNEL-sas-pmr-4.jpg\" class=\"attachment-full size-full wp-image-1398\" alt=\"\" loading=\"lazy\" \/>\t\t\t\t\t\t\t\t\t\t\t\t\t\t\t<\/div>\n\t\t\t\t<\/div>\n\t\t\t\t\t<\/div>\n\t\t<\/div>\n\t\t\t\t\t\t\t<\/div>\n\t\t<\/section>\n\t\t\t\t<section class=\"elementor-section elementor-top-section elementor-element elementor-element-3e56638a elementor-section-boxed elementor-section-height-default elementor-section-height-default wpr-particle-no wpr-jarallax-no wpr-parallax-no wpr-sticky-section-no\" data-id=\"3e56638a\" data-element_type=\"section\">\n\t\t\t\t\t\t<div class=\"elementor-container elementor-column-gap-default\">\n\t\t\t\t\t<div class=\"elementor-column elementor-col-100 elementor-top-column elementor-element elementor-element-7f2d6789\" data-id=\"7f2d6789\" data-element_type=\"column\">\n\t\t\t<div class=\"elementor-widget-wrap elementor-element-populated\">\n\t\t\t\t\t\t\t\t<div class=\"elementor-element elementor-element-699d5bb8 premium-woo-product-align-center elementor-widget elementor-widget-premium-woo-products\" data-id=\"699d5bb8\" data-element_type=\"widget\" data-widget_type=\"premium-woo-products.grid-3\">\n\t\t\t\t<div class=\"elementor-widget-container\">\n\t\t\t<div class=\"premium-woo-metro-style1 premium-woocommerce premium-woo-products-grid premium-woo-skin-grid-3 premium-woo-query-custom\" data-page-id=\"1300\" data-skin=\"grid_3\" data-quick-view=\"yes\"><div class=\"premium-woo-products-inner premium-woo-product__hover-swap\">\n\t<ul class=\"products wpex-row wpex-clr match-height-grid\">\n\n\r\n<li class=\" post-1397 product first instock shipping-taxable product-type-simple\">\r\n\t<div class=\"premium-woo-product-wrapper\">\r\n\t\t<div class=\"premium-woo-product-thumbnail\"><a href=\"https:\/\/site1.widetech-dz.com\/index.php\/product\/sas-unipersonnel\/\" class=\"woocommerce-LoopProduct-link woocommerce-loop-product__link\"><img decoding=\"async\" src=\"https:\/\/site1.widetech-dz.com\/wp-content\/uploads\/2022\/07\/SAS-UNIPERSONNEL-sas-pmr.jpg\"><img decoding=\"async\" width=\"640\" height=\"400\" src=\"https:\/\/site1.widetech-dz.com\/wp-content\/uploads\/2022\/07\/SAS-UNIPERSONNEL-sas-pmr-3-Copie.jpg\" class=\"premium-woo-product__on_hover\" alt=\"\" loading=\"lazy\" \/><\/a><div class=\"premium-woo-qv-data\" data-product-id=\"1397\"><\/div><\/div><div class=\"premium-woo-products-details-wrap\"><a href=\"https:\/\/site1.widetech-dz.com\/index.php\/product\/sas-unipersonnel\/\" class=\"premium-woo-product__link\"><a href=\"https:\/\/site1.widetech-dz.com\/index.php\/product\/sas-unipersonnel\/\"><h2 class=\"woocommerce-loop-product__title\">SAS UNIPERSONNEL<\/h2><\/a><\/a><\/div>\t<\/div>\r\n<\/li>\r\n\r\n<li class=\" post-1393 product  instock shipping-taxable product-type-simple\">\r\n\t<div class=\"premium-woo-product-wrapper\">\r\n\t\t<div class=\"premium-woo-product-thumbnail\"><a href=\"https:\/\/site1.widetech-dz.com\/index.php\/product\/porte-coullisante-automatise\/\" class=\"woocommerce-LoopProduct-link woocommerce-loop-product__link\"><img decoding=\"async\" src=\"https:\/\/site1.widetech-dz.com\/wp-content\/uploads\/2022\/07\/porte-vitre-accordeon.jpg\"><img decoding=\"async\" width=\"640\" height=\"480\" src=\"https:\/\/site1.widetech-dz.com\/wp-content\/uploads\/2022\/07\/porte-auto-coulissante-2.jpg\" class=\"premium-woo-product__on_hover\" alt=\"\" loading=\"lazy\" \/><\/a><div class=\"premium-woo-qv-data\" data-product-id=\"1393\"><\/div><\/div><div class=\"premium-woo-products-details-wrap\"><a href=\"https:\/\/site1.widetech-dz.com\/index.php\/product\/porte-coullisante-automatise\/\" class=\"premium-woo-product__link\"><a href=\"https:\/\/site1.widetech-dz.com\/index.php\/product\/porte-coullisante-automatise\/\"><h2 class=\"woocommerce-loop-product__title\">Porte Coullisante Automatis\u00e9<\/h2><\/a><\/a><\/div>\t<\/div>\r\n<\/li>\r\n\r\n<li class=\" post-1379 product last instock shipping-taxable product-type-simple\">\r\n\t<div class=\"premium-woo-product-wrapper\">\r\n\t\t<div class=\"premium-woo-product-thumbnail\"><a href=\"https:\/\/site1.widetech-dz.com\/index.php\/product\/porte-sectionnelle\/\" class=\"woocommerce-LoopProduct-link woocommerce-loop-product__link\"><img decoding=\"async\" src=\"https:\/\/site1.widetech-dz.com\/wp-content\/uploads\/2022\/07\/porte-sectionnelle.jpg\"><img decoding=\"async\" width=\"640\" height=\"480\" src=\"https:\/\/site1.widetech-dz.com\/wp-content\/uploads\/2022\/07\/porte-sectionnelle-2.jpg\" class=\"premium-woo-product__on_hover\" alt=\"\" loading=\"lazy\" \/><\/a><div class=\"premium-woo-qv-data\" data-product-id=\"1379\"><\/div><\/div><div class=\"premium-woo-products-details-wrap\"><a href=\"https:\/\/site1.widetech-dz.com\/index.php\/product\/porte-sectionnelle\/\" class=\"premium-woo-product__link\"><a href=\"https:\/\/site1.widetech-dz.com\/index.php\/product\/porte-sectionnelle\/\"><h2 class=\"woocommerce-loop-product__title\">PORTE SECTIONNELLE<\/h2><\/a><\/a><\/div>\t<\/div>\r\n<\/li>\r\n<\/ul>\n<\/div><\/div><div class=\"premium-woo-quick-view-699d5bb8\">\r\n\t<div class=\"premium-woo-quick-view-back\">\r\n\t\t<div class=\"premium-woo-quick-view-loader\"><\/div>\r\n\t<\/div>\r\n\t<div id=\"premium-woo-quick-view-modal\">\r\n\t\t<div class=\"premium-woo-content-main-wrapper\"><!--\r\n\t\t--><div class=\"premium-woo-content-main\">\r\n\t\t\t\t<div class=\"premium-woo-lightbox-content\">\r\n\t\t\t\t\t<div class=\"premium-woo-content-main-head\">\r\n\t\t\t\t\t\t<a href=\"#\" id=\"premium-woo-quick-view-close\" class=\"premium-woo-quick-view-close-btn fa fa-close\"><\/a>\r\n\t\t\t\t\t<\/div>\r\n\t\t\t\t\t<div id=\"premium-woo-quick-view-content\" class=\"woocommerce single-product\"><\/div>\r\n\t\t\t\t<\/div>\r\n\t\t\t<\/div>\r\n\t\t<\/div>\r\n\t<\/div>\r\n<\/div>\r\n\t\t<\/div>\n\t\t\t\t<\/div>\n\t\t\t\t\t<\/div>\n\t\t<\/div>\n\t\t\t\t\t\t\t<\/div>\n\t\t<\/section>\n\t\t\t\t\t\t\t<\/div>\n\t\t","protected":false},"excerpt":{"rendered":"<p>ACC\u00c8S PI\u00c9TONS Widetech Services Alg\u00e9rie propose un large choix de porte pi\u00e9tonne. Battantes, coulissantes, t\u00e9lescopiques elles s\u00e9curisent vos entr\u00e9es gr\u00e2ce au contr\u00f4le d\u2019acc\u00e8s qui l\u2019avertissent et \u00e0 la structure des vantaux (vitrage simple, double, anti intrusion, pare-balle, etc.) Voir nos Produits SAS UNIPERSONNEL Porte Coullisante Automatis\u00e9 PORTE SECTIONNELLE<\/p>\n","protected":false},"author":1,"featured_media":0,"parent":0,"menu_order":0,"comment_status":"closed","ping_status":"closed","template":"","meta":{"om_disable_all_campaigns":false,"_mi_skip_tracking":false},"aioseo_notices":[],"_links":{"self":[{"href":"https:\/\/site1.widetech-dz.com\/index.php\/wp-json\/wp\/v2\/pages\/1300"}],"collection":[{"href":"https:\/\/site1.widetech-dz.com\/index.php\/wp-json\/wp\/v2\/pages"}],"about":[{"href":"https:\/\/site1.widetech-dz.com\/index.php\/wp-json\/wp\/v2\/types\/page"}],"author":[{"embeddable":true,"href":"https:\/\/site1.widetech-dz.com\/index.php\/wp-json\/wp\/v2\/users\/1"}],"replies":[{"embeddable":true,"href":"https:\/\/site1.widetech-dz.com\/index.php\/wp-json\/wp\/v2\/comments?post=1300"}],"version-history":[{"count":13,"href":"https:\/\/site1.widetech-dz.com\/index.php\/wp-json\/wp\/v2\/pages\/1300\/revisions"}],"predecessor-version":[{"id":1420,"href":"https:\/\/site1.widetech-dz.com\/index.php\/wp-json\/wp\/v2\/pages\/1300\/revisions\/1420"}],"wp:attachment":[{"href":"https:\/\/site1.widetech-dz.com\/index.php\/wp-json\/wp\/v2\/media?parent=1300"}],"curies":[{"name":"wp","href":"https:\/\/api.w.org\/{rel}","templated":true}]}}