{"id":1296,"date":"2022-07-22T13:36:30","date_gmt":"2022-07-22T13:36:30","guid":{"rendered":"https:\/\/site1.widetech-dz.com\/?page_id=1296"},"modified":"2022-07-23T21:10:43","modified_gmt":"2022-07-23T21:10:43","slug":"acces-parkings","status":"publish","type":"page","link":"https:\/\/site1.widetech-dz.com\/index.php\/acces-parkings\/","title":{"rendered":"ACC\u00c8S PARKINGS"},"content":{"rendered":"\t\t<div data-elementor-type=\"wp-page\" data-elementor-id=\"1296\" class=\"elementor elementor-1296\">\n\t\t\t\t\t\t\t\t\t<section class=\"elementor-section elementor-top-section elementor-element elementor-element-5b8bd101 elementor-section-full_width elementor-section-height-min-height elementor-section-items-stretch elementor-section-content-middle elementor-section-height-default wpr-particle-no wpr-jarallax-no wpr-parallax-no wpr-sticky-section-no\" data-id=\"5b8bd101\" data-element_type=\"section\">\n\t\t\t\t\t\t<div class=\"elementor-container elementor-column-gap-no\">\n\t\t\t\t\t<div class=\"elementor-column elementor-col-50 elementor-top-column elementor-element elementor-element-38b74409\" data-id=\"38b74409\" data-element_type=\"column\">\n\t\t\t<div class=\"elementor-widget-wrap elementor-element-populated\">\n\t\t\t\t\t\t\t\t<div class=\"elementor-element elementor-element-1f0e7699 elementor-widget elementor-widget-heading\" data-id=\"1f0e7699\" data-element_type=\"widget\" data-widget_type=\"heading.default\">\n\t\t\t\t<div class=\"elementor-widget-container\">\n\t\t\t<style>\/*! elementor - v3.9.0 - 06-12-2022 *\/\n.elementor-heading-title{padding:0;margin:0;line-height:1}.elementor-widget-heading .elementor-heading-title[class*=elementor-size-]>a{color:inherit;font-size:inherit;line-height:inherit}.elementor-widget-heading .elementor-heading-title.elementor-size-small{font-size:15px}.elementor-widget-heading .elementor-heading-title.elementor-size-medium{font-size:19px}.elementor-widget-heading .elementor-heading-title.elementor-size-large{font-size:29px}.elementor-widget-heading .elementor-heading-title.elementor-size-xl{font-size:39px}.elementor-widget-heading .elementor-heading-title.elementor-size-xxl{font-size:59px}<\/style><h2 class=\"elementor-heading-title elementor-size-default\">ACC\u00c8S PARKINGS<\/h2>\t\t<\/div>\n\t\t\t\t<\/div>\n\t\t\t\t<div class=\"elementor-element elementor-element-868dee0 elementor-widget elementor-widget-text-editor\" data-id=\"868dee0\" data-element_type=\"widget\" data-widget_type=\"text-editor.default\">\n\t\t\t\t<div class=\"elementor-widget-container\">\n\t\t\t<style>\/*! elementor - v3.9.0 - 06-12-2022 *\/\n.elementor-widget-text-editor.elementor-drop-cap-view-stacked .elementor-drop-cap{background-color:#818a91;color:#fff}.elementor-widget-text-editor.elementor-drop-cap-view-framed .elementor-drop-cap{color:#818a91;border:3px solid;background-color:transparent}.elementor-widget-text-editor:not(.elementor-drop-cap-view-default) .elementor-drop-cap{margin-top:8px}.elementor-widget-text-editor:not(.elementor-drop-cap-view-default) .elementor-drop-cap-letter{width:1em;height:1em}.elementor-widget-text-editor .elementor-drop-cap{float:left;text-align:center;line-height:1;font-size:50px}.elementor-widget-text-editor .elementor-drop-cap-letter{display:inline-block}<\/style>\t\t\t\t<p><span style=\"font-size: 16px;\"><strong>Widetech Service Alg\u00e9rie\u00a0<\/strong> vous propose de nombreuses possibilit\u00e9s pour le contr\u00f4le d\u2019acc\u00e8s et la gestion pour parcs de stationnement priv\u00e9s ou publiques. Que ce soit pour une protection simple de place de parking priv\u00e9, d\u2019acc\u00e8s de propri\u00e9t\u00e9, de parc de stationnement payant urbain ou priv\u00e9 ou de suret\u00e9 de sites sensibles.<\/span><\/p><p><span style=\"font-size: 16px;\">Nous adaptons notre savoir faire et nos produits partenaires \u00e0 vos besoins.<\/span><\/p>\t\t\t\t\t\t<\/div>\n\t\t\t\t<\/div>\n\t\t\t\t<div class=\"elementor-element elementor-element-9c6f04f elementor-widget elementor-widget-button\" data-id=\"9c6f04f\" data-element_type=\"widget\" data-widget_type=\"button.default\">\n\t\t\t\t<div class=\"elementor-widget-container\">\n\t\t\t\t\t<div class=\"elementor-button-wrapper\">\n\t\t\t<a href=\"https:\/\/site1.widetech-dz.com\/index.php\/acces-parkings-2\/\" class=\"elementor-button-link elementor-button elementor-size-sm\" role=\"button\">\n\t\t\t\t\t\t<span class=\"elementor-button-content-wrapper\">\n\t\t\t\t\t\t<span class=\"elementor-button-text\"> Voir Nos Produits<\/span>\n\t\t<\/span>\n\t\t\t\t\t<\/a>\n\t\t<\/div>\n\t\t\t\t<\/div>\n\t\t\t\t<\/div>\n\t\t\t\t\t<\/div>\n\t\t<\/div>\n\t\t\t\t<div class=\"elementor-column elementor-col-50 elementor-top-column elementor-element elementor-element-419e2044\" data-id=\"419e2044\" data-element_type=\"column\" data-settings=\"{&quot;background_background&quot;:&quot;classic&quot;}\">\n\t\t\t<div class=\"elementor-widget-wrap elementor-element-populated\">\n\t\t\t\t\t\t\t\t<div class=\"elementor-element elementor-element-4c4a6f16 elementor-widget elementor-widget-image\" data-id=\"4c4a6f16\" data-element_type=\"widget\" data-widget_type=\"image.default\">\n\t\t\t\t<div class=\"elementor-widget-container\">\n\t\t\t<style>\/*! elementor - v3.9.0 - 06-12-2022 *\/\n.elementor-widget-image{text-align:center}.elementor-widget-image a{display:inline-block}.elementor-widget-image a img[src$=\".svg\"]{width:48px}.elementor-widget-image img{vertical-align:middle;display:inline-block}<\/style>\t\t\t\t\t\t\t\t\t\t\t\t<img decoding=\"async\" width=\"1200\" height=\"731\" src=\"https:\/\/site1.widetech-dz.com\/wp-content\/uploads\/2022\/07\/95487127913857.5636d30827df9-1.jpg\" class=\"attachment-full size-full wp-image-1316\" alt=\"\" loading=\"lazy\" \/>\t\t\t\t\t\t\t\t\t\t\t\t\t\t\t<\/div>\n\t\t\t\t<\/div>\n\t\t\t\t\t<\/div>\n\t\t<\/div>\n\t\t\t\t\t\t\t<\/div>\n\t\t<\/section>\n\t\t\t\t<section class=\"elementor-section elementor-top-section elementor-element elementor-element-9764903 elementor-section-boxed elementor-section-height-default elementor-section-height-default wpr-particle-no wpr-jarallax-no wpr-parallax-no wpr-sticky-section-no\" data-id=\"9764903\" data-element_type=\"section\">\n\t\t\t\t\t\t<div class=\"elementor-container elementor-column-gap-default\">\n\t\t\t\t\t<div class=\"elementor-column elementor-col-100 elementor-top-column elementor-element elementor-element-58f8cb5\" data-id=\"58f8cb5\" data-element_type=\"column\">\n\t\t\t<div class=\"elementor-widget-wrap\">\n\t\t\t\t\t\t\t\t\t<\/div>\n\t\t<\/div>\n\t\t\t\t\t\t\t<\/div>\n\t\t<\/section>\n\t\t\t\t<section class=\"elementor-section elementor-top-section elementor-element elementor-element-144a3d8f elementor-section-boxed elementor-section-height-default elementor-section-height-default wpr-particle-no wpr-jarallax-no wpr-parallax-no wpr-sticky-section-no\" data-id=\"144a3d8f\" data-element_type=\"section\">\n\t\t\t\t\t\t<div class=\"elementor-container elementor-column-gap-default\">\n\t\t\t\t\t<div class=\"elementor-column elementor-col-100 elementor-top-column elementor-element elementor-element-58f03b18\" data-id=\"58f03b18\" data-element_type=\"column\">\n\t\t\t<div class=\"elementor-widget-wrap elementor-element-populated\">\n\t\t\t\t\t\t\t\t<div class=\"elementor-element elementor-element-749cdced premium-woo-product-align-center elementor-widget elementor-widget-premium-woo-products\" data-id=\"749cdced\" data-element_type=\"widget\" data-widget_type=\"premium-woo-products.grid-3\">\n\t\t\t\t<div class=\"elementor-widget-container\">\n\t\t\t<div class=\"premium-woo-metro-style1 premium-woocommerce premium-woo-products-grid premium-woo-skin-grid-3 premium-woo-query-custom\" data-page-id=\"1296\" data-skin=\"grid_3\" data-quick-view=\"yes\"><div class=\"premium-woo-products-inner premium-woo-product__hover-swap\">\n\t<ul class=\"products wpex-row wpex-clr match-height-grid\">\n\n\r\n<li class=\" post-1341 product first instock shipping-taxable product-type-simple\">\r\n\t<div class=\"premium-woo-product-wrapper\">\r\n\t\t<div class=\"premium-woo-product-thumbnail\"><a href=\"https:\/\/site1.widetech-dz.com\/index.php\/product\/herses-ou-blocs-routiers\/\" class=\"woocommerce-LoopProduct-link woocommerce-loop-product__link\"><img decoding=\"async\" src=\"https:\/\/site1.widetech-dz.com\/wp-content\/uploads\/2022\/07\/8246-4783317.jpg\"><img decoding=\"async\" width=\"768\" height=\"576\" src=\"https:\/\/site1.widetech-dz.com\/wp-content\/uploads\/2022\/07\/pilomat-automatic-768x576.jpg\" class=\"premium-woo-product__on_hover\" alt=\"\" loading=\"lazy\" \/><\/a><div class=\"premium-woo-qv-data\" data-product-id=\"1341\"><\/div><\/div><div class=\"premium-woo-products-details-wrap\"><a href=\"https:\/\/site1.widetech-dz.com\/index.php\/product\/herses-ou-blocs-routiers\/\" class=\"premium-woo-product__link\"><a href=\"https:\/\/site1.widetech-dz.com\/index.php\/product\/herses-ou-blocs-routiers\/\"><h2 class=\"woocommerce-loop-product__title\">HERSES OU BLOCS ROUTIERS<\/h2><\/a><\/a><\/div>\t<\/div>\r\n<\/li>\r\n\r\n<li class=\" post-1331 product  instock shipping-taxable product-type-simple\">\r\n\t<div class=\"premium-woo-product-wrapper\">\r\n\t\t<div class=\"premium-woo-product-thumbnail\"><a href=\"https:\/\/site1.widetech-dz.com\/index.php\/product\/bornes-escamotables\/\" class=\"woocommerce-LoopProduct-link woocommerce-loop-product__link\"><img decoding=\"async\" src=\"https:\/\/site1.widetech-dz.com\/wp-content\/uploads\/2022\/07\/escamotable-2.jpg\"><img decoding=\"async\" width=\"640\" height=\"480\" src=\"https:\/\/site1.widetech-dz.com\/wp-content\/uploads\/2022\/07\/escamotable-3.jpg\" class=\"premium-woo-product__on_hover\" alt=\"\" loading=\"lazy\" \/><\/a><div class=\"premium-woo-qv-data\" data-product-id=\"1331\"><\/div><\/div><div class=\"premium-woo-products-details-wrap\"><a href=\"https:\/\/site1.widetech-dz.com\/index.php\/product\/bornes-escamotables\/\" class=\"premium-woo-product__link\"><a href=\"https:\/\/site1.widetech-dz.com\/index.php\/product\/bornes-escamotables\/\"><h2 class=\"woocommerce-loop-product__title\">BORNES ESCAMOTABLES<\/h2><\/a><\/a><\/div>\t<\/div>\r\n<\/li>\r\n<\/ul>\n<\/div><\/div><div class=\"premium-woo-quick-view-749cdced\">\r\n\t<div class=\"premium-woo-quick-view-back\">\r\n\t\t<div class=\"premium-woo-quick-view-loader\"><\/div>\r\n\t<\/div>\r\n\t<div id=\"premium-woo-quick-view-modal\">\r\n\t\t<div class=\"premium-woo-content-main-wrapper\"><!--\r\n\t\t--><div class=\"premium-woo-content-main\">\r\n\t\t\t\t<div class=\"premium-woo-lightbox-content\">\r\n\t\t\t\t\t<div class=\"premium-woo-content-main-head\">\r\n\t\t\t\t\t\t<a href=\"#\" id=\"premium-woo-quick-view-close\" class=\"premium-woo-quick-view-close-btn fa fa-close\"><\/a>\r\n\t\t\t\t\t<\/div>\r\n\t\t\t\t\t<div id=\"premium-woo-quick-view-content\" class=\"woocommerce single-product\"><\/div>\r\n\t\t\t\t<\/div>\r\n\t\t\t<\/div>\r\n\t\t<\/div>\r\n\t<\/div>\r\n<\/div>\r\n\t\t<\/div>\n\t\t\t\t<\/div>\n\t\t\t\t\t<\/div>\n\t\t<\/div>\n\t\t\t\t\t\t\t<\/div>\n\t\t<\/section>\n\t\t\t\t\t\t\t<\/div>\n\t\t","protected":false},"excerpt":{"rendered":"<p>ACC\u00c8S PARKINGS Widetech Service Alg\u00e9rie\u00a0 vous propose de nombreuses possibilit\u00e9s pour le contr\u00f4le d\u2019acc\u00e8s et la gestion pour parcs de stationnement priv\u00e9s ou publiques. Que ce soit pour une protection simple de place de parking priv\u00e9, d\u2019acc\u00e8s de propri\u00e9t\u00e9, de parc de stationnement payant urbain ou priv\u00e9 ou de suret\u00e9 de sites sensibles. Nous adaptons&hellip;<\/p>\n","protected":false},"author":1,"featured_media":0,"parent":0,"menu_order":0,"comment_status":"closed","ping_status":"closed","template":"","meta":{"om_disable_all_campaigns":false,"_mi_skip_tracking":false},"aioseo_notices":[],"_links":{"self":[{"href":"https:\/\/site1.widetech-dz.com\/index.php\/wp-json\/wp\/v2\/pages\/1296"}],"collection":[{"href":"https:\/\/site1.widetech-dz.com\/index.php\/wp-json\/wp\/v2\/pages"}],"about":[{"href":"https:\/\/site1.widetech-dz.com\/index.php\/wp-json\/wp\/v2\/types\/page"}],"author":[{"embeddable":true,"href":"https:\/\/site1.widetech-dz.com\/index.php\/wp-json\/wp\/v2\/users\/1"}],"replies":[{"embeddable":true,"href":"https:\/\/site1.widetech-dz.com\/index.php\/wp-json\/wp\/v2\/comments?post=1296"}],"version-history":[{"count":28,"href":"https:\/\/site1.widetech-dz.com\/index.php\/wp-json\/wp\/v2\/pages\/1296\/revisions"}],"predecessor-version":[{"id":1411,"href":"https:\/\/site1.widetech-dz.com\/index.php\/wp-json\/wp\/v2\/pages\/1296\/revisions\/1411"}],"wp:attachment":[{"href":"https:\/\/site1.widetech-dz.com\/index.php\/wp-json\/wp\/v2\/media?parent=1296"}],"curies":[{"name":"wp","href":"https:\/\/api.w.org\/{rel}","templated":true}]}}